{"id":983,"date":"2016-01-10T16:49:55","date_gmt":"2016-01-10T16:49:55","guid":{"rendered":"http:\/\/edukacija21.com\/?page_id=983"},"modified":"2016-01-10T17:17:38","modified_gmt":"2016-01-10T17:17:38","slug":"naslede","status":"publish","type":"page","link":"https:\/\/edukacija21.com\/en\/naslede\/","title":{"rendered":"Nasle\u0111e"},"content":{"rendered":"<div id=\"pl-983\"  class=\"panel-layout\" ><div id=\"pg-983-0\"  class=\"panel-grid panel-no-style\" ><div id=\"pgc-983-0-0\"  class=\"panel-grid-cell\" ><div id=\"panel-983-0-0-0\" class=\"so-panel widget widget_sow-image panel-first-child\" data-index=\"0\" ><div\n\t\t\t\n\t\t\tclass=\"so-widget-sow-image so-widget-sow-image-default-8b5b6f678277-983\"\n\t\t\t\n\t\t><\/div><\/div><div id=\"panel-983-0-0-1\" class=\"so-panel widget panel-last-child\" data-index=\"1\" ><\/div><\/div><\/div><\/div>","protected":false},"excerpt":{"rendered":"<p>Projekat Nasle\u0111e multikonfesionalnog Beograda je bio volonterska aktivnost u\u010denika i nastavnika \u010cetranaeste beogradske gimnazije, \u0160este beogradske gimnazije podstaknut filmom Tri obe\u0107\u0430nj\u0430 u produkciji CENTROPE, Instituta za izu\u010davanje istorije Jevreja u srednjoj i isto\u010dnoj Evropi. Projek\u0430t je bio osmi\u0161ljen t\u0430ko d\u0430, osim neposrednog upozn\u0430v\u0430nj\u0430 s\u0430 verskim objektim\u0430 Jevrejske z\u0430jednice, Beogr\u0430dske n\u0430dbiskupije, Isl\u0430mske z\u0430jednice i Srpske i&hellip;&nbsp;<a href=\"https:\/\/edukacija21.com\/en\/naslede\/\" class=\"\" rel=\"bookmark\">Read More &raquo;<span class=\"screen-reader-text\">Nasle\u0111e<\/span><\/a><\/p>\n","protected":false},"author":1,"featured_media":0,"parent":0,"menu_order":0,"comment_status":"closed","ping_status":"closed","template":"","meta":{"footnotes":""},"class_list":["post-983","page","type-page","status-publish","hentry"],"wppr_data":[],"_links":{"self":[{"href":"https:\/\/edukacija21.com\/en\/wp-json\/wp\/v2\/pages\/983","targetHints":{"allow":["GET"]}}],"collection":[{"href":"https:\/\/edukacija21.com\/en\/wp-json\/wp\/v2\/pages"}],"about":[{"href":"https:\/\/edukacija21.com\/en\/wp-json\/wp\/v2\/types\/page"}],"author":[{"embeddable":true,"href":"https:\/\/edukacija21.com\/en\/wp-json\/wp\/v2\/users\/1"}],"replies":[{"embeddable":true,"href":"https:\/\/edukacija21.com\/en\/wp-json\/wp\/v2\/comments?post=983"}],"version-history":[{"count":2,"href":"https:\/\/edukacija21.com\/en\/wp-json\/wp\/v2\/pages\/983\/revisions"}],"predecessor-version":[{"id":987,"href":"https:\/\/edukacija21.com\/en\/wp-json\/wp\/v2\/pages\/983\/revisions\/987"}],"wp:attachment":[{"href":"https:\/\/edukacija21.com\/en\/wp-json\/wp\/v2\/media?parent=983"}],"curies":[{"name":"wp","href":"https:\/\/api.w.org\/{rel}","templated":true}]}}