{"id":916,"date":"2016-01-04T22:28:01","date_gmt":"2016-01-04T22:28:01","guid":{"rendered":"http:\/\/edukacija21.com\/?page_id=916"},"modified":"2017-12-23T16:57:38","modified_gmt":"2017-12-23T16:57:38","slug":"pocetna","status":"publish","type":"page","link":"https:\/\/edukacija21.com\/en\/pocetna\/","title":{"rendered":"Po\u010detna"},"content":{"rendered":"<div id=\"pl-916\"  class=\"panel-layout\" ><div id=\"pg-916-0\"  class=\"panel-grid panel-no-style\" ><div id=\"pgc-916-0-0\"  class=\"panel-grid-cell\" ><div id=\"panel-916-0-0-0\" class=\"so-panel widget widget_sow-editor panel-first-child\" data-index=\"0\" ><div\n\t\t\t\n\t\t\tclass=\"so-widget-sow-editor so-widget-sow-editor-base\"\n\t\t\t\n\t\t>\n<div class=\"siteorigin-widget-tinymce textwidget\">\n\t<p><a href=\"http:\/\/edukacija21.com\/wp-content\/uploads\/2017\/06\/16266168_1286955878027898_4984694961020244013_n-1.png&quot;\"><img loading=\"lazy\" decoding=\"async\" class=\"alignnone size-full wp-image-1643\" src=\"http:\/\/edukacija21.com\/wp-content\/uploads\/2017\/06\/16266168_1286955878027898_4984694961020244013_n-1.png\" alt=\"\" width=\"392\" height=\"551\" srcset=\"http:\/\/edukacija21.com\/wp-content\/uploads\/2017\/06\/16266168_1286955878027898_4984694961020244013_n-1.png 392w, http:\/\/edukacija21.com\/wp-content\/uploads\/2017\/06\/16266168_1286955878027898_4984694961020244013_n-1-213x300.png 213w\" sizes=\"auto, (max-width: 392px) 100vw, 392px\"><\/a>[masterslider id=\"1\"]<\/p>\n<p><img loading=\"lazy\" decoding=\"async\" src=\"http:\/\/edukacija21.com\/wp-content\/uploads\/2017\/06\/16266168_1286955878027898_4984694961020244013_n-1.png\" width=\"1230\" height=\"30\"><\/p>\n<div class=\"col-md-4\"><a href=\"http:\/\/edukacija21.com\/index.php\/strucni-seminari\/\" target=\"_blank\" rel=\"noopener noreferrer\"><img loading=\"lazy\" decoding=\"async\" class=\"aligncenter wp-image-1066 size-full\" src=\"http:\/\/edukacija21.com\/wp-content\/uploads\/2016\/01\/zelena.png\" alt=\"zelena\" width=\"100\" height=\"100\"><\/a><\/p>\n<p style=\"text-align: center; color: black;\"><strong>Stru\u010dni seminari<\/strong><\/p>\n<p style=\"text-align: center;\"><a href=\"http:\/\/edukacija21.com\/index.php\/strucni-seminari\/\" target=\"_blank\" rel=\"noopener noreferrer\"><span class=\"sek-3\">Od 2012. godine organizujemo stru\u010dne seminare za nastavnike dru\u0161tvenih i umetni\u010dkih predmeta. Na\u0161i predava\u010di su eminentni nau\u010dnici i stru\u010dnjaci koji su u\u010destvovali u reformskim obrazovnim procesima i koji su svojim delovanjem neposredno doprineli razvoju i unapre\u0111enju sistema obrazovanja u Republici Srbiji.<\/span><\/a><\/p>\n<\/div>\n<div class=\"col-md-4\"><a href=\"http:\/\/edukacija21.com\/index.php\/nastavni-materijali\/\" target=\"_blank\" rel=\"attachment wp-att-1067 noopener noreferrer\"><img loading=\"lazy\" decoding=\"async\" class=\"aligncenter wp-image-1067 size-full\" src=\"http:\/\/edukacija21.com\/wp-content\/uploads\/2016\/01\/crvena.png\" alt=\"crvena\" width=\"100\" height=\"100\"><\/a><\/p>\n<p style=\"text-align: center; color: black;\"><strong>Nastavni materijali<\/strong><\/p>\n<p style=\"text-align: center;\"><a href=\"http:\/\/edukacija21.com\/index.php\/nastavni-materijali\/\" target=\"_blank\" rel=\"noopener noreferrer\"><span class=\"sek-2\">Ovde mo\u017eete da pristupite elektronskim publikacijama i nastavnim materijalima. Dokumenta u elektronskom formatu vezana su za oblast obrazovnih politika, i po\u0161tovanja ljudskih prava, a nastavni materijali predvi\u0111eni su za predmete: istorija, likovna kultura i gradjansko vaspitanje .<\/span><\/a><\/p>\n<\/div>\n<div class=\"col-md-4\"><a href=\"http:\/\/edukacija21.com\/index.php\/projekti\/\" target=\"_blank\" rel=\"noopener noreferrer\"><img loading=\"lazy\" decoding=\"async\" class=\"aligncenter wp-image-1068 size-full\" src=\"http:\/\/edukacija21.com\/wp-content\/uploads\/2016\/01\/plava.png\" alt=\"plava\" width=\"100\" height=\"100\"><\/a><\/p>\n<p style=\"text-align: center; color: black;\"><strong>Projekti<\/strong><\/p>\n<p style=\"text-align: center;\"><a href=\"http:\/\/edukacija21.com\/index.php\/projekti\/\" target=\"_blank\" rel=\"noopener noreferrer\"><span class=\"sek-1\" style=\"align: center;\">Na\u0161e aktivnosti uklju\u010duju projekte za mlade u oblasti obrazovanja i kulture, kao i projekte usmerene na pobolj\u0161anje dru\u0161tvenog ambijenta u Srbiji oslanjanjem na predstavnike razli\u010ditih javnih institucija, akademskog sektora i nevladinih organizacija<\/span><\/a><\/p>\n<\/div>\n<p><a class=\"call-to-action-button\" title=\"Kontakt\" href=\"http:\/\/edukacija21.com\/index.php\/kontakt\/\">Kontakt<\/a><\/p>\n<p><span class=\"partneri\">Partneri<\/span><\/p>\n<p><a href=\"https:\/\/www.giz.de\/de\/html\/index.html\"><img loading=\"lazy\" decoding=\"async\" class=\"wp-image-1344 aligncenter\" src=\"http:\/\/edukacija21.com\/wp-content\/uploads\/2016\/01\/EDUKACIJA-NOTES-2-300x267.png\" alt=\"edukacija-notes-2\" width=\"150\" height=\"134\" srcset=\"http:\/\/edukacija21.com\/wp-content\/uploads\/2016\/01\/EDUKACIJA-NOTES-2-300x267.png 300w, http:\/\/edukacija21.com\/wp-content\/uploads\/2016\/01\/EDUKACIJA-NOTES-2-768x683.png 768w, http:\/\/edukacija21.com\/wp-content\/uploads\/2016\/01\/EDUKACIJA-NOTES-2-1024x911.png 1024w, http:\/\/edukacija21.com\/wp-content\/uploads\/2016\/01\/EDUKACIJA-NOTES-2.png 1536w\" sizes=\"auto, (max-width: 150px) 100vw, 150px\"><\/a><\/p>\n<p><a href=\"http:\/\/www.beograd.rs\/\" rel=\"attachment wp-att-1106\"><img loading=\"lazy\" decoding=\"async\" class=\"wp-image-1106 aligncenter\" src=\"http:\/\/edukacija21.com\/wp-content\/uploads\/2016\/01\/Logo_bg.jpg\" alt=\"Logo_bg\" width=\"150\" height=\"150\"><\/a><\/p>\n<p><img loading=\"lazy\" decoding=\"async\" class=\"aligncenter\" src=\"http:\/\/euroclio.eu\/wp-content\/uploads\/2015\/11\/Euro-Clio-Logo-web_new_straight.png\" alt=\"\" width=\"334\" height=\"75\"><\/p>\n<p><a href=\"http:\/\/www.centropa.org\/\"><img loading=\"lazy\" decoding=\"async\" class=\" aligncenter\" src=\"http:\/\/www.centropa.org\/sites\/default\/themes\/centropa_tundra\/logo.png\" alt=\"\" width=\"360\" height=\"75\"><\/a><\/p>\n<p><a href=\"http:\/\/www.dijaspora.gov.rs\/\" rel=\"attachment wp-att-1107\"><img loading=\"lazy\" decoding=\"async\" class=\" wp-image-1107 aligncenter\" src=\"http:\/\/edukacija21.com\/wp-content\/uploads\/2016\/01\/msp_logo-1.jpg\" alt=\"msp_logo\" width=\"321\" height=\"75\"><\/a><\/p>\n<p><a href=\"http:\/\/www.coe.int\/sr_RS\/web\/belgrade\/home\"><img loading=\"lazy\" decoding=\"async\" class=\"aligncenter\" src=\"http:\/\/www.freelogovectors.net\/wp-content\/uploads\/2012\/05\/council-of-europe-logo.jpg\" alt=\"\" width=\"103\" height=\"75\"><\/a><\/p>\n<p><a href=\"http:\/\/www.zvezdara.com\/index.php\" rel=\"attachment wp-att-1108\"><img loading=\"lazy\" decoding=\"async\" class=\" wp-image-1108 aligncenter\" src=\"http:\/\/edukacija21.com\/wp-content\/uploads\/2016\/01\/goz_logo.jpg\" alt=\"goz_logo\" width=\"225\" height=\"75\"><\/a><\/p>\n<p><a href=\"https:\/\/udieuroclio.wordpress.com\/\"><img loading=\"lazy\" decoding=\"async\" class=\"aligncenter\" src=\"https:\/\/udieuroclio.files.wordpress.com\/2015\/10\/final-udieuroclio1.jpg?w=764&amp;h=386\" alt=\"\" width=\"149\" height=\"75\"><\/a><\/p>\n<p><a href=\"http:\/\/www.zuov.gov.rs\/\"><img loading=\"lazy\" decoding=\"async\" class=\"aligncenter\" src=\"http:\/\/katalog2016.zuov.rs\/images\/banner1.jpg\" alt=\"\" width=\"276\" height=\"60\"><\/a><\/p>\n<p><a href=\"http:\/\/ocdoskop.rs\/\" rel=\"attachment wp-att-1111\"><img loading=\"lazy\" decoding=\"async\" class=\" wp-image-1111 aligncenter\" src=\"http:\/\/edukacija21.com\/wp-content\/uploads\/2016\/01\/ocd_logo-1.jpg\" alt=\"ocd_logo\" width=\"225\" height=\"75\"><\/a><\/p>\n<\/div>\n<\/div><\/div><div id=\"panel-916-0-0-1\" class=\"so-panel widget panel-last-child\" data-index=\"1\" ><\/div><\/div><\/div><\/div>","protected":false},"excerpt":{"rendered":"<p>[masterslider id=&#8221;1&#8243;] Stru\u010dni seminari Od 2012. godine organizujemo stru\u010dne seminare za nastavnike dru\u0161tvenih i umetni\u010dkih predmeta. Na\u0161i predava\u010di su eminentni nau\u010dnici i stru\u010dnjaci koji su u\u010destvovali u reformskim obrazovnim procesima i koji su svojim delovanjem neposredno doprineli razvoju i unapre\u0111enju sistema obrazovanja u Republici Srbiji. Nastavni materijali Ovde mo\u017eete da pristupite elektronskim publikacijama i nastavnim&hellip;&nbsp;<a href=\"https:\/\/edukacija21.com\/en\/pocetna\/\" class=\"\" rel=\"bookmark\">Read More &raquo;<span class=\"screen-reader-text\">Po\u010detna<\/span><\/a><\/p>\n","protected":false},"author":1,"featured_media":0,"parent":0,"menu_order":0,"comment_status":"closed","ping_status":"closed","template":"template-frontpage.php","meta":{"footnotes":""},"class_list":["post-916","page","type-page","status-publish","hentry"],"wppr_data":[],"_links":{"self":[{"href":"https:\/\/edukacija21.com\/en\/wp-json\/wp\/v2\/pages\/916","targetHints":{"allow":["GET"]}}],"collection":[{"href":"https:\/\/edukacija21.com\/en\/wp-json\/wp\/v2\/pages"}],"about":[{"href":"https:\/\/edukacija21.com\/en\/wp-json\/wp\/v2\/types\/page"}],"author":[{"embeddable":true,"href":"https:\/\/edukacija21.com\/en\/wp-json\/wp\/v2\/users\/1"}],"replies":[{"embeddable":true,"href":"https:\/\/edukacija21.com\/en\/wp-json\/wp\/v2\/comments?post=916"}],"version-history":[{"count":78,"href":"https:\/\/edukacija21.com\/en\/wp-json\/wp\/v2\/pages\/916\/revisions"}],"predecessor-version":[{"id":5601,"href":"https:\/\/edukacija21.com\/en\/wp-json\/wp\/v2\/pages\/916\/revisions\/5601"}],"wp:attachment":[{"href":"https:\/\/edukacija21.com\/en\/wp-json\/wp\/v2\/media?parent=916"}],"curies":[{"name":"wp","href":"https:\/\/api.w.org\/{rel}","templated":true}]}}