{"id":2374,"date":"2018-07-13T17:02:41","date_gmt":"2018-07-13T17:02:41","guid":{"rendered":"http:\/\/edukacija21.com\/?page_id=2374"},"modified":"2024-06-03T15:24:43","modified_gmt":"2024-06-03T15:24:43","slug":"nove-generacije-stari-izazovi","status":"publish","type":"page","link":"https:\/\/edukacija21.com\/en\/nove-generacije-stari-izazovi\/","title":{"rendered":"New generations contesting old troubles"},"content":{"rendered":"<div id=\"pl-2374\"  class=\"panel-layout\" ><div id=\"pg-2374-0\"  class=\"panel-grid panel-no-style\" ><div id=\"pgc-2374-0-0\"  class=\"panel-grid-cell\" ><div id=\"panel-2374-0-0-0\" class=\"so-panel widget widget_sow-slider panel-first-child panel-last-child\" data-index=\"0\" ><div\n\t\t\t\n\t\t\tclass=\"so-widget-sow-slider so-widget-sow-slider-default-8ac5564d8b2a-2374\"\n\t\t\t\n\t\t>\t\t\t\t<div class=\"sow-slider-base\" style=\"display: none\" tabindex=\"0\">\n\t\t\t\t\t<ul\n\t\t\t\t\tclass=\"sow-slider-images\"\n\t\t\t\t\tdata-settings=\"{&quot;pagination&quot;:true,&quot;speed&quot;:&quot;800&quot;,&quot;timeout&quot;:&quot;8000&quot;,&quot;paused&quot;:false,&quot;pause_on_hover&quot;:false,&quot;swipe&quot;:&quot;on&quot;,&quot;nav_always_show_desktop&quot;:&quot;&quot;,&quot;nav_always_show_mobile&quot;:&quot;&quot;,&quot;breakpoint&quot;:&quot;780px&quot;,&quot;unmute&quot;:false,&quot;anchor&quot;:null}\"\n\t\t\t\t\t\t\t\t\t\tdata-anchor-id=\"\"\n\t\t\t\t>\t\t<li class=\"sow-slider-image\" style=\"visibility: visible;\" >\n\t\t\t\t\t\t<div class=\"sow-slider-image-container\">\n\t\t\t\t<div class=\"sow-slider-image-wrapper\" style=\"max-width: 2560px\">\n\t\t\t\t\t\t\t\t\t\t<div class=\"sow-slider-image-foreground-wrapper\">\n\t\t\t\t\t\t<img loading=\"lazy\" decoding=\"async\" width=\"2560\" height=\"1707\" src=\"https:\/\/edukacija21.com\/wp-content\/uploads\/2021\/07\/IMG_9179-scaled.jpg\" class=\"sow-slider-foreground-image\" alt=\"education\" style=\"\" srcset=\"https:\/\/edukacija21.com\/wp-content\/uploads\/2021\/07\/IMG_9179-scaled.jpg 2560w, https:\/\/edukacija21.com\/wp-content\/uploads\/2021\/07\/IMG_9179-300x200.jpg 300w, https:\/\/edukacija21.com\/wp-content\/uploads\/2021\/07\/IMG_9179-1024x683.jpg 1024w, https:\/\/edukacija21.com\/wp-content\/uploads\/2021\/07\/IMG_9179-768x512.jpg 768w, https:\/\/edukacija21.com\/wp-content\/uploads\/2021\/07\/IMG_9179-1536x1024.jpg 1536w, https:\/\/edukacija21.com\/wp-content\/uploads\/2021\/07\/IMG_9179-2048x1365.jpg 2048w, https:\/\/edukacija21.com\/wp-content\/uploads\/2021\/07\/IMG_9179-50x33.jpg 50w, https:\/\/edukacija21.com\/wp-content\/uploads\/2021\/07\/IMG_9179-272x182.jpg 272w\" sizes=\"auto, (max-width: 2560px) 100vw, 2560px\" \/>\t\t\t\t\t<\/div>\n\t\t\t\t\t\t\t\t\t<\/div>\n\t\t\t<\/div>\n\t\t\t\t\t<\/li>\n\t\t\t\t<li class=\"sow-slider-image\" style=\"visibility: hidden;\" >\n\t\t\t\t\t\t<div class=\"sow-slider-image-container\">\n\t\t\t\t<div class=\"sow-slider-image-wrapper\" style=\"max-width: 588px\">\n\t\t\t\t\t\t\t\t\t\t<div class=\"sow-slider-image-foreground-wrapper\">\n\t\t\t\t\t\t<img loading=\"lazy\" decoding=\"async\" width=\"588\" height=\"403\" src=\"https:\/\/edukacija21.com\/wp-content\/uploads\/2022\/04\/Untitled-scaled-e1650390002289.jpg\" class=\"sow-slider-foreground-image\" alt=\"new generations contesting old troubles\" style=\"\" srcset=\"https:\/\/edukacija21.com\/wp-content\/uploads\/2022\/04\/Untitled-scaled-e1650390002289.jpg 588w, https:\/\/edukacija21.com\/wp-content\/uploads\/2022\/04\/Untitled-scaled-e1650390002289-300x206.jpg 300w, https:\/\/edukacija21.com\/wp-content\/uploads\/2022\/04\/Untitled-scaled-e1650390002289-150x103.jpg 150w, https:\/\/edukacija21.com\/wp-content\/uploads\/2022\/04\/Untitled-scaled-e1650390002289-50x34.jpg 50w\" sizes=\"auto, (max-width: 588px) 100vw, 588px\" \/>\t\t\t\t\t<\/div>\n\t\t\t\t\t\t\t\t\t<\/div>\n\t\t\t<\/div>\n\t\t\t\t\t<\/li>\n\t\t<\/ul>\t\t\t\t<ol class=\"sow-slider-pagination\">\n\t\t\t\t\t\t\t\t\t\t\t<li><a href=\"#\" data-goto=\"0\" aria-label=\"Display slide 1\"><\/a><\/li>\n\t\t\t\t\t\t\t\t\t\t\t<li><a href=\"#\" data-goto=\"1\" aria-label=\"Display slide 2\"><\/a><\/li>\n\t\t\t\t\t\t\t\t\t<\/ol>\n\n\t\t\t\t<div class=\"sow-slide-nav sow-slide-nav-next\">\n\t\t\t\t\t<a href=\"#\" data-goto=\"next\" aria-label=\"Next slide\" data-action=\"next\">\n\t\t\t\t\t\t<em class=\"sow-sld-icon-thin-right\"><\/em>\n\t\t\t\t\t<\/a>\n\t\t\t\t<\/div>\n\n\t\t\t\t<div class=\"sow-slide-nav sow-slide-nav-prev\">\n\t\t\t\t\t<a href=\"#\" data-goto=\"previous\" aria-label=\"Previous slide\" data-action=\"prev\">\n\t\t\t\t\t\t<em class=\"sow-sld-icon-thin-left\"><\/em>\n\t\t\t\t\t<\/a>\n\t\t\t\t<\/div>\n\t\t\t\t<\/div><\/div><\/div><\/div><\/div><div id=\"pg-2374-1\"  class=\"panel-grid panel-no-style\" ><div id=\"pgc-2374-1-0\"  class=\"panel-grid-cell\" ><div id=\"panel-2374-1-0-0\" class=\"so-panel widget widget_sow-editor panel-first-child panel-last-child\" data-index=\"1\" ><div\n\t\t\t\n\t\t\tclass=\"so-widget-sow-editor so-widget-sow-editor-base\"\n\t\t\t\n\t\t><h3 class=\"widget-title\">NEW GENERATIONS CONTESTING OLD TROUBLES<\/h3>\n<div class=\"siteorigin-widget-tinymce textwidget\">\n\t<blockquote><p>As part of the conference \"New Generations Facing Old Challenges,\" held on September 15, 2017, eminent experts from various fields of social and human sciences from the region participated. The conference was divided into three panels and a workshop, and the moderators ensured dynamic and productive discussions.<\/p><\/blockquote>\n<p><strong>Engaging with and Disengaging from Identity<\/strong><\/p>\n<p>The first panel opened a discussion on issues of identity in post-conflict societies in the Balkans. The speakers analyzed how identity is formed and changed through different social, political, and cultural contexts.<\/p>\n<p>Speakers:<\/p>\n<p>Drago Pilsel (Croatia)<br \/>\nSrdjan \u0160u\u0161nica (BIH)<br \/>\nStefan Surli\u0107 (Serbia)<br \/>\nModerator:<\/p>\n<p>Sr\u0111an Hercigonja (FORUM ZFD)<br \/>\nThe second panel dealt with cultural heritage and its multiple roles in society.<\/p>\n<p><strong>Cultural Heritage as an Educational Goal, a Means of Manipulation, and an Object of Destruction?<\/strong><\/p>\n<p>Speakers:<\/p>\n<p>Milan Popadi\u0107 (Faculty of Philosophy, Belgrade, Serbia)<br \/>\nMaroje Mrdulja\u0161 (Faculty of Architecture, Zagreb, Croatia)<br \/>\nMina Vidakovi\u0107 (SENSE Croatia)<br \/>\nModerator:<\/p>\n<p>Lidija \u017dupani\u0107 \u0160uica (Education for the 21st Century)<br \/>\nThe third panel explored the role of education in the reconciliation process in post-conflict societies. The panelists agreed that education is key to long-term reconciliation and stability in the region.<\/p>\n<p><strong>Education as a tool for Reconciliation<\/strong><\/p>\n<p>Speakers:<\/p>\n<p>Dubravka Stojanovi\u0107 (Faculty of Philosophy, Belgrade)<br \/>\n\u0408elena Krsti\u0107 (Fund for Humanitarian Law, Belgrade)<br \/>\nElma Ha\u0161inbegovi\u0107 (BIH)<br \/>\nModerator:<\/p>\n<p>Marko \u0160uica (Faculty of Philosophy)<br \/>\nThe workshops were a dynamic conclusion to the conference, allowing participants to actively engage in discussions and exchange opinions. The workshop leaders, Dubravka Stojanovi\u0107, \u0408elena Krsti\u0107, Elma Ha\u0161inbegovi\u0107, and Marko \u0160uica, organized screenings of excerpts from the films Memory Walks and Sense: Erasing History and Memory. Following the screenings, a discussion with students on the topic \"How to Achieve Reconciliation from the Perspective of Post-Conflict Generations?\" ensued. Participants shared their views and suggestions for improving the reconciliation process.<\/p>\n<\/div>\n<\/div><\/div><\/div><\/div><div id=\"pg-2374-2\"  class=\"panel-grid panel-no-style\" ><div id=\"pgc-2374-2-0\"  class=\"panel-grid-cell\" ><div id=\"panel-2374-2-0-0\" class=\"so-panel widget widget_media_gallery panel-first-child panel-last-child\" data-index=\"2\" ><div id='gallery-1' class='gallery galleryid-2374 gallery-columns-3 gallery-size-full'><dl class='gallery-item'>\r\n\t\t\t<dt class='gallery-icon landscape'>\r\n\t\t\t\t<a href='https:\/\/edukacija21.com\/en\/nove-generacije-stari-izazovi\/img_9150\/'><img loading=\"lazy\" decoding=\"async\" width=\"2320\" height=\"1856\" src=\"https:\/\/edukacija21.com\/wp-content\/uploads\/2024\/06\/IMG_9150.jpg\" class=\"attachment-full size-full\" alt=\"\" srcset=\"https:\/\/edukacija21.com\/wp-content\/uploads\/2024\/06\/IMG_9150.jpg 2320w, https:\/\/edukacija21.com\/wp-content\/uploads\/2024\/06\/IMG_9150-300x240.jpg 300w, https:\/\/edukacija21.com\/wp-content\/uploads\/2024\/06\/IMG_9150-1024x819.jpg 1024w, https:\/\/edukacija21.com\/wp-content\/uploads\/2024\/06\/IMG_9150-150x120.jpg 150w, https:\/\/edukacija21.com\/wp-content\/uploads\/2024\/06\/IMG_9150-768x614.jpg 768w, https:\/\/edukacija21.com\/wp-content\/uploads\/2024\/06\/IMG_9150-1536x1229.jpg 1536w, https:\/\/edukacija21.com\/wp-content\/uploads\/2024\/06\/IMG_9150-2048x1638.jpg 2048w, https:\/\/edukacija21.com\/wp-content\/uploads\/2024\/06\/IMG_9150-50x40.jpg 50w\" sizes=\"auto, (max-width: 2320px) 100vw, 2320px\" \/><\/a>\r\n\t\t\t<\/dt><\/dl><dl class='gallery-item'>\r\n\t\t\t<dt class='gallery-icon landscape'>\r\n\t\t\t\t<a href='https:\/\/edukacija21.com\/en\/nove-generacije-stari-izazovi\/img_9162\/'><img loading=\"lazy\" decoding=\"async\" width=\"2056\" height=\"1645\" src=\"https:\/\/edukacija21.com\/wp-content\/uploads\/2024\/06\/IMG_9162.jpg\" class=\"attachment-full size-full\" alt=\"\" srcset=\"https:\/\/edukacija21.com\/wp-content\/uploads\/2024\/06\/IMG_9162.jpg 2056w, https:\/\/edukacija21.com\/wp-content\/uploads\/2024\/06\/IMG_9162-300x240.jpg 300w, https:\/\/edukacija21.com\/wp-content\/uploads\/2024\/06\/IMG_9162-1024x819.jpg 1024w, https:\/\/edukacija21.com\/wp-content\/uploads\/2024\/06\/IMG_9162-150x120.jpg 150w, https:\/\/edukacija21.com\/wp-content\/uploads\/2024\/06\/IMG_9162-768x614.jpg 768w, https:\/\/edukacija21.com\/wp-content\/uploads\/2024\/06\/IMG_9162-1536x1229.jpg 1536w, https:\/\/edukacija21.com\/wp-content\/uploads\/2024\/06\/IMG_9162-2048x1639.jpg 2048w, https:\/\/edukacija21.com\/wp-content\/uploads\/2024\/06\/IMG_9162-50x40.jpg 50w\" sizes=\"auto, (max-width: 2056px) 100vw, 2056px\" \/><\/a>\r\n\t\t\t<\/dt><\/dl><dl class='gallery-item'>\r\n\t\t\t<dt class='gallery-icon landscape'>\r\n\t\t\t\t<a href='https:\/\/edukacija21.com\/en\/nove-generacije-stari-izazovi\/img_9106\/'><img loading=\"lazy\" decoding=\"async\" width=\"2320\" height=\"1856\" src=\"https:\/\/edukacija21.com\/wp-content\/uploads\/2024\/06\/IMG_9106.jpg\" class=\"attachment-full size-full\" alt=\"\" srcset=\"https:\/\/edukacija21.com\/wp-content\/uploads\/2024\/06\/IMG_9106.jpg 2320w, https:\/\/edukacija21.com\/wp-content\/uploads\/2024\/06\/IMG_9106-300x240.jpg 300w, https:\/\/edukacija21.com\/wp-content\/uploads\/2024\/06\/IMG_9106-1024x819.jpg 1024w, https:\/\/edukacija21.com\/wp-content\/uploads\/2024\/06\/IMG_9106-150x120.jpg 150w, https:\/\/edukacija21.com\/wp-content\/uploads\/2024\/06\/IMG_9106-768x614.jpg 768w, https:\/\/edukacija21.com\/wp-content\/uploads\/2024\/06\/IMG_9106-1536x1229.jpg 1536w, https:\/\/edukacija21.com\/wp-content\/uploads\/2024\/06\/IMG_9106-2048x1638.jpg 2048w, https:\/\/edukacija21.com\/wp-content\/uploads\/2024\/06\/IMG_9106-50x40.jpg 50w\" sizes=\"auto, (max-width: 2320px) 100vw, 2320px\" \/><\/a>\r\n\t\t\t<\/dt><\/dl><br style=\"clear: both\" \/><dl class='gallery-item'>\r\n\t\t\t<dt class='gallery-icon landscape'>\r\n\t\t\t\t<a href='https:\/\/edukacija21.com\/en\/nove-generacije-stari-izazovi\/img_9039\/'><img loading=\"lazy\" decoding=\"async\" width=\"2320\" height=\"1856\" src=\"https:\/\/edukacija21.com\/wp-content\/uploads\/2024\/06\/IMG_9039.jpg\" class=\"attachment-full size-full\" alt=\"\" srcset=\"https:\/\/edukacija21.com\/wp-content\/uploads\/2024\/06\/IMG_9039.jpg 2320w, https:\/\/edukacija21.com\/wp-content\/uploads\/2024\/06\/IMG_9039-300x240.jpg 300w, https:\/\/edukacija21.com\/wp-content\/uploads\/2024\/06\/IMG_9039-1024x819.jpg 1024w, https:\/\/edukacija21.com\/wp-content\/uploads\/2024\/06\/IMG_9039-150x120.jpg 150w, https:\/\/edukacija21.com\/wp-content\/uploads\/2024\/06\/IMG_9039-768x614.jpg 768w, https:\/\/edukacija21.com\/wp-content\/uploads\/2024\/06\/IMG_9039-1536x1229.jpg 1536w, https:\/\/edukacija21.com\/wp-content\/uploads\/2024\/06\/IMG_9039-2048x1638.jpg 2048w, https:\/\/edukacija21.com\/wp-content\/uploads\/2024\/06\/IMG_9039-50x40.jpg 50w\" sizes=\"auto, (max-width: 2320px) 100vw, 2320px\" \/><\/a>\r\n\t\t\t<\/dt><\/dl><dl class='gallery-item'>\r\n\t\t\t<dt class='gallery-icon landscape'>\r\n\t\t\t\t<a href='https:\/\/edukacija21.com\/en\/nove-generacije-stari-izazovi\/img_9120\/'><img loading=\"lazy\" decoding=\"async\" width=\"2320\" height=\"1856\" src=\"https:\/\/edukacija21.com\/wp-content\/uploads\/2024\/06\/IMG_9120.jpg\" class=\"attachment-full size-full\" alt=\"\" srcset=\"https:\/\/edukacija21.com\/wp-content\/uploads\/2024\/06\/IMG_9120.jpg 2320w, https:\/\/edukacija21.com\/wp-content\/uploads\/2024\/06\/IMG_9120-300x240.jpg 300w, https:\/\/edukacija21.com\/wp-content\/uploads\/2024\/06\/IMG_9120-1024x819.jpg 1024w, https:\/\/edukacija21.com\/wp-content\/uploads\/2024\/06\/IMG_9120-150x120.jpg 150w, https:\/\/edukacija21.com\/wp-content\/uploads\/2024\/06\/IMG_9120-768x614.jpg 768w, https:\/\/edukacija21.com\/wp-content\/uploads\/2024\/06\/IMG_9120-1536x1229.jpg 1536w, https:\/\/edukacija21.com\/wp-content\/uploads\/2024\/06\/IMG_9120-2048x1638.jpg 2048w, https:\/\/edukacija21.com\/wp-content\/uploads\/2024\/06\/IMG_9120-50x40.jpg 50w\" sizes=\"auto, (max-width: 2320px) 100vw, 2320px\" \/><\/a>\r\n\t\t\t<\/dt><\/dl><dl class='gallery-item'>\r\n\t\t\t<dt class='gallery-icon landscape'>\r\n\t\t\t\t<a href='https:\/\/edukacija21.com\/en\/nove-generacije-stari-izazovi\/img_9179-2\/'><img loading=\"lazy\" decoding=\"async\" width=\"2044\" height=\"1635\" src=\"https:\/\/edukacija21.com\/wp-content\/uploads\/2024\/06\/IMG_9179.jpg\" class=\"attachment-full size-full\" alt=\"\" srcset=\"https:\/\/edukacija21.com\/wp-content\/uploads\/2024\/06\/IMG_9179.jpg 2044w, https:\/\/edukacija21.com\/wp-content\/uploads\/2024\/06\/IMG_9179-300x240.jpg 300w, https:\/\/edukacija21.com\/wp-content\/uploads\/2024\/06\/IMG_9179-1024x819.jpg 1024w, https:\/\/edukacija21.com\/wp-content\/uploads\/2024\/06\/IMG_9179-150x120.jpg 150w, https:\/\/edukacija21.com\/wp-content\/uploads\/2024\/06\/IMG_9179-768x614.jpg 768w, https:\/\/edukacija21.com\/wp-content\/uploads\/2024\/06\/IMG_9179-1536x1229.jpg 1536w, https:\/\/edukacija21.com\/wp-content\/uploads\/2024\/06\/IMG_9179-50x40.jpg 50w\" sizes=\"auto, (max-width: 2044px) 100vw, 2044px\" \/><\/a>\r\n\t\t\t<\/dt><\/dl><br style=\"clear: both\" \/><dl class='gallery-item'>\r\n\t\t\t<dt class='gallery-icon landscape'>\r\n\t\t\t\t<a href='https:\/\/edukacija21.com\/en\/nove-generacije-stari-izazovi\/img_9241-2\/'><img loading=\"lazy\" decoding=\"async\" width=\"1545\" height=\"1235\" src=\"https:\/\/edukacija21.com\/wp-content\/uploads\/2024\/06\/IMG_9241-1-e1717428146480.jpg\" class=\"attachment-full size-full\" alt=\"\" srcset=\"https:\/\/edukacija21.com\/wp-content\/uploads\/2024\/06\/IMG_9241-1-e1717428146480.jpg 1545w, https:\/\/edukacija21.com\/wp-content\/uploads\/2024\/06\/IMG_9241-1-e1717428146480-300x240.jpg 300w, https:\/\/edukacija21.com\/wp-content\/uploads\/2024\/06\/IMG_9241-1-e1717428146480-1024x819.jpg 1024w, https:\/\/edukacija21.com\/wp-content\/uploads\/2024\/06\/IMG_9241-1-e1717428146480-150x120.jpg 150w, https:\/\/edukacija21.com\/wp-content\/uploads\/2024\/06\/IMG_9241-1-e1717428146480-768x614.jpg 768w, https:\/\/edukacija21.com\/wp-content\/uploads\/2024\/06\/IMG_9241-1-e1717428146480-1536x1228.jpg 1536w, https:\/\/edukacija21.com\/wp-content\/uploads\/2024\/06\/IMG_9241-1-e1717428146480-50x40.jpg 50w\" sizes=\"auto, (max-width: 1545px) 100vw, 1545px\" \/><\/a>\r\n\t\t\t<\/dt><\/dl><dl class='gallery-item'>\r\n\t\t\t<dt class='gallery-icon landscape'>\r\n\t\t\t\t<a href='https:\/\/edukacija21.com\/en\/nove-generacije-stari-izazovi\/img_9141\/'><img loading=\"lazy\" decoding=\"async\" width=\"2560\" height=\"2048\" src=\"https:\/\/edukacija21.com\/wp-content\/uploads\/2024\/06\/IMG_9141-scaled.jpg\" class=\"attachment-full size-full\" alt=\"\" srcset=\"https:\/\/edukacija21.com\/wp-content\/uploads\/2024\/06\/IMG_9141-scaled.jpg 2560w, https:\/\/edukacija21.com\/wp-content\/uploads\/2024\/06\/IMG_9141-300x240.jpg 300w, https:\/\/edukacija21.com\/wp-content\/uploads\/2024\/06\/IMG_9141-1024x819.jpg 1024w, https:\/\/edukacija21.com\/wp-content\/uploads\/2024\/06\/IMG_9141-150x120.jpg 150w, https:\/\/edukacija21.com\/wp-content\/uploads\/2024\/06\/IMG_9141-768x614.jpg 768w, https:\/\/edukacija21.com\/wp-content\/uploads\/2024\/06\/IMG_9141-1536x1229.jpg 1536w, https:\/\/edukacija21.com\/wp-content\/uploads\/2024\/06\/IMG_9141-2048x1638.jpg 2048w, https:\/\/edukacija21.com\/wp-content\/uploads\/2024\/06\/IMG_9141-50x40.jpg 50w\" sizes=\"auto, (max-width: 2560px) 100vw, 2560px\" \/><\/a>\r\n\t\t\t<\/dt><\/dl><dl class='gallery-item'>\r\n\t\t\t<dt class='gallery-icon landscape'>\r\n\t\t\t\t<a href='https:\/\/edukacija21.com\/en\/nove-generacije-stari-izazovi\/img_9201-2\/'><img loading=\"lazy\" decoding=\"async\" width=\"2560\" height=\"2048\" src=\"https:\/\/edukacija21.com\/wp-content\/uploads\/2024\/06\/IMG_9201-1-scaled.jpg\" class=\"attachment-full size-full\" alt=\"\" srcset=\"https:\/\/edukacija21.com\/wp-content\/uploads\/2024\/06\/IMG_9201-1-scaled.jpg 2560w, https:\/\/edukacija21.com\/wp-content\/uploads\/2024\/06\/IMG_9201-1-300x240.jpg 300w, https:\/\/edukacija21.com\/wp-content\/uploads\/2024\/06\/IMG_9201-1-1024x819.jpg 1024w, https:\/\/edukacija21.com\/wp-content\/uploads\/2024\/06\/IMG_9201-1-150x120.jpg 150w, https:\/\/edukacija21.com\/wp-content\/uploads\/2024\/06\/IMG_9201-1-768x615.jpg 768w, https:\/\/edukacija21.com\/wp-content\/uploads\/2024\/06\/IMG_9201-1-1536x1229.jpg 1536w, https:\/\/edukacija21.com\/wp-content\/uploads\/2024\/06\/IMG_9201-1-2048x1639.jpg 2048w, https:\/\/edukacija21.com\/wp-content\/uploads\/2024\/06\/IMG_9201-1-50x40.jpg 50w\" sizes=\"auto, (max-width: 2560px) 100vw, 2560px\" \/><\/a>\r\n\t\t\t<\/dt><\/dl><br style=\"clear: both\" \/><dl class='gallery-item'>\r\n\t\t\t<dt class='gallery-icon landscape'>\r\n\t\t\t\t<a href='https:\/\/edukacija21.com\/en\/nove-generacije-stari-izazovi\/hryrjd3a\/'><img loading=\"lazy\" decoding=\"async\" width=\"1068\" height=\"854\" src=\"https:\/\/edukacija21.com\/wp-content\/uploads\/2024\/06\/hryrjd3A-e1717426804149.jpeg\" class=\"attachment-full size-full\" alt=\"\" srcset=\"https:\/\/edukacija21.com\/wp-content\/uploads\/2024\/06\/hryrjd3A-e1717426804149.jpeg 1068w, https:\/\/edukacija21.com\/wp-content\/uploads\/2024\/06\/hryrjd3A-e1717426804149-300x240.jpeg 300w, https:\/\/edukacija21.com\/wp-content\/uploads\/2024\/06\/hryrjd3A-e1717426804149-1024x819.jpeg 1024w, https:\/\/edukacija21.com\/wp-content\/uploads\/2024\/06\/hryrjd3A-e1717426804149-150x120.jpeg 150w, https:\/\/edukacija21.com\/wp-content\/uploads\/2024\/06\/hryrjd3A-e1717426804149-768x614.jpeg 768w, https:\/\/edukacija21.com\/wp-content\/uploads\/2024\/06\/hryrjd3A-e1717426804149-50x40.jpeg 50w\" sizes=\"auto, (max-width: 1068px) 100vw, 1068px\" \/><\/a>\r\n\t\t\t<\/dt><\/dl><dl class='gallery-item'>\r\n\t\t\t<dt class='gallery-icon landscape'>\r\n\t\t\t\t<a href='https:\/\/edukacija21.com\/en\/nove-generacije-stari-izazovi\/img_9178\/'><img loading=\"lazy\" decoding=\"async\" width=\"2449\" height=\"1959\" src=\"https:\/\/edukacija21.com\/wp-content\/uploads\/2024\/06\/IMG_9178.jpg\" class=\"attachment-full size-full\" alt=\"\" srcset=\"https:\/\/edukacija21.com\/wp-content\/uploads\/2024\/06\/IMG_9178.jpg 2449w, https:\/\/edukacija21.com\/wp-content\/uploads\/2024\/06\/IMG_9178-300x240.jpg 300w, https:\/\/edukacija21.com\/wp-content\/uploads\/2024\/06\/IMG_9178-1024x819.jpg 1024w, https:\/\/edukacija21.com\/wp-content\/uploads\/2024\/06\/IMG_9178-150x120.jpg 150w, https:\/\/edukacija21.com\/wp-content\/uploads\/2024\/06\/IMG_9178-768x614.jpg 768w, https:\/\/edukacija21.com\/wp-content\/uploads\/2024\/06\/IMG_9178-1536x1229.jpg 1536w, https:\/\/edukacija21.com\/wp-content\/uploads\/2024\/06\/IMG_9178-2048x1638.jpg 2048w, https:\/\/edukacija21.com\/wp-content\/uploads\/2024\/06\/IMG_9178-50x40.jpg 50w\" sizes=\"auto, (max-width: 2449px) 100vw, 2449px\" \/><\/a>\r\n\t\t\t<\/dt><\/dl><dl class='gallery-item'>\r\n\t\t\t<dt class='gallery-icon landscape'>\r\n\t\t\t\t<a href='https:\/\/edukacija21.com\/en\/nove-generacije-stari-izazovi\/img_9260\/'><img loading=\"lazy\" decoding=\"async\" width=\"2320\" height=\"1856\" src=\"https:\/\/edukacija21.com\/wp-content\/uploads\/2024\/06\/IMG_9260.jpg\" class=\"attachment-full size-full\" alt=\"\" srcset=\"https:\/\/edukacija21.com\/wp-content\/uploads\/2024\/06\/IMG_9260.jpg 2320w, https:\/\/edukacija21.com\/wp-content\/uploads\/2024\/06\/IMG_9260-300x240.jpg 300w, https:\/\/edukacija21.com\/wp-content\/uploads\/2024\/06\/IMG_9260-1024x819.jpg 1024w, https:\/\/edukacija21.com\/wp-content\/uploads\/2024\/06\/IMG_9260-150x120.jpg 150w, https:\/\/edukacija21.com\/wp-content\/uploads\/2024\/06\/IMG_9260-768x614.jpg 768w, https:\/\/edukacija21.com\/wp-content\/uploads\/2024\/06\/IMG_9260-1536x1229.jpg 1536w, https:\/\/edukacija21.com\/wp-content\/uploads\/2024\/06\/IMG_9260-2048x1638.jpg 2048w, https:\/\/edukacija21.com\/wp-content\/uploads\/2024\/06\/IMG_9260-50x40.jpg 50w\" sizes=\"auto, (max-width: 2320px) 100vw, 2320px\" \/><\/a>\r\n\t\t\t<\/dt><\/dl><br style=\"clear: both\" \/><\/div>\n<\/div><\/div><\/div><\/div>","protected":false},"excerpt":{"rendered":"<p>As part of the conference &#8220;New Generations Facing Old Challenges,&#8221; held on September 15, 2017, eminent experts from various fields of social and human sciences from the region participated. The conference was divided into three panels and a workshop, and the moderators ensured dynamic and productive discussions. Engaging with and Disengaging from Identity The first&hellip;&nbsp;<a href=\"https:\/\/edukacija21.com\/en\/nove-generacije-stari-izazovi\/\" class=\"\" rel=\"bookmark\">Read More &raquo;<span class=\"screen-reader-text\">New generations contesting old troubles<\/span><\/a><\/p>\n","protected":false},"author":1,"featured_media":0,"parent":0,"menu_order":0,"comment_status":"closed","ping_status":"closed","template":"","meta":{"footnotes":""},"class_list":["post-2374","page","type-page","status-publish","hentry"],"wppr_data":{"cwp_meta_box_check":"No"},"_links":{"self":[{"href":"https:\/\/edukacija21.com\/en\/wp-json\/wp\/v2\/pages\/2374","targetHints":{"allow":["GET"]}}],"collection":[{"href":"https:\/\/edukacija21.com\/en\/wp-json\/wp\/v2\/pages"}],"about":[{"href":"https:\/\/edukacija21.com\/en\/wp-json\/wp\/v2\/types\/page"}],"author":[{"embeddable":true,"href":"https:\/\/edukacija21.com\/en\/wp-json\/wp\/v2\/users\/1"}],"replies":[{"embeddable":true,"href":"https:\/\/edukacija21.com\/en\/wp-json\/wp\/v2\/comments?post=2374"}],"version-history":[{"count":52,"href":"https:\/\/edukacija21.com\/en\/wp-json\/wp\/v2\/pages\/2374\/revisions"}],"predecessor-version":[{"id":10038,"href":"https:\/\/edukacija21.com\/en\/wp-json\/wp\/v2\/pages\/2374\/revisions\/10038"}],"wp:attachment":[{"href":"https:\/\/edukacija21.com\/en\/wp-json\/wp\/v2\/media?parent=2374"}],"curies":[{"name":"wp","href":"https:\/\/api.w.org\/{rel}","templated":true}]}}