{"id":1882,"date":"2017-07-16T14:15:44","date_gmt":"2017-07-16T14:15:44","guid":{"rendered":"http:\/\/edukacija21.com\/?page_id=1882"},"modified":"2025-03-02T18:52:08","modified_gmt":"2025-03-02T18:52:08","slug":"upotreba-ikt-materijala-u-nastavi-istorije-i-drustveno-humanistickih-predmeta","status":"publish","type":"page","link":"https:\/\/edukacija21.com\/en\/upotreba-ikt-materijala-u-nastavi-istorije-i-drustveno-humanistickih-predmeta\/","title":{"rendered":"Upotreba IKT materijala u nastavi"},"content":{"rendered":"<div id=\"pl-1882\"  class=\"panel-layout\" ><div id=\"pg-1882-0\"  class=\"panel-grid panel-no-style\" ><div id=\"pgc-1882-0-0\"  class=\"panel-grid-cell\" ><div id=\"panel-1882-0-0-0\" class=\"so-panel widget widget_sow-editor panel-first-child\" data-index=\"0\" ><div\n\t\t\t\n\t\t\tclass=\"so-widget-sow-editor so-widget-sow-editor-base\"\n\t\t\t\n\t\t>\n<div class=\"siteorigin-widget-tinymce textwidget\">\n\t<p data-start=\"97\" data-end=\"514\">U savremenom obrazovanju, digitalni alati postaju neizostavan deo nastavnog procesa, otvaraju\u0107i nove mogu\u0107nosti za u\u010denje i interakciju. Sa ciljem osna\u017eivanja nastavnika i unapre\u0111enja primene informaciono-komunikacionih tehnologija (IKT) u nastavi istorije i dru\u0161tveno-humanisti\u010dkih predmeta, realizovan je projekat koji je spojio stru\u010dnjake, profesore i digitalne resurse u dinami\u010dan proces profesionalnog razvoja.<\/p>\n<p data-start=\"516\" data-end=\"961\">Projekat je realizovan u dve faze: konferencijskoj i implementacionoj. Konferencija, odr\u017eana 25. marta 2017. godine. Kroz interaktivna predavanja i prakti\u010dne radionice, u\u010desnici su se upoznali sa savremenim digitalnim alatima i metodama koje mogu unaprediti nastavu.<\/p>\n<p data-start=\"1229\" data-end=\"1618\">Implementaciona faza, koja je usledila u aprilu, omogu\u0107ila je nastavnicima da kreiraju i dele nastavne sadr\u017eaje koriste\u0107i digitalne alate predstavljene tokom konferencije. U maju je u okviru Edmodo grupe dodatno pro\u0161irena baza resursa, uklju\u010duju\u0107i linkove ka novim alatima, edukativnim sadr\u017eajima i stru\u010dnim tekstovima koji su nastavnicima olak\u0161ali integraciju IKT u nastavni proces.<\/p>\n<p data-start=\"1620\" data-end=\"1972\" data-is-last-node=\"\" data-is-only-node=\"\">\n<\/div>\n<\/div><\/div><div id=\"panel-1882-0-0-1\" class=\"so-panel widget widget_media_gallery panel-last-child\" data-index=\"1\" ><div id='gallery-1' class='gallery galleryid-1882 gallery-columns-3 gallery-size-full'><dl class='gallery-item'>\r\n\t\t\t<dt class='gallery-icon landscape'>\r\n\t\t\t\t<a href='https:\/\/edukacija21.com\/en\/img_6710\/'><img loading=\"lazy\" decoding=\"async\" width=\"1895\" height=\"1517\" src=\"https:\/\/edukacija21.com\/wp-content\/uploads\/2021\/07\/IMG_6710-scaled-e1740940433709.jpg\" class=\"attachment-full size-full\" alt=\"\" srcset=\"https:\/\/edukacija21.com\/wp-content\/uploads\/2021\/07\/IMG_6710-scaled-e1740940433709.jpg 1895w, https:\/\/edukacija21.com\/wp-content\/uploads\/2021\/07\/IMG_6710-scaled-e1740940433709-300x240.jpg 300w, https:\/\/edukacija21.com\/wp-content\/uploads\/2021\/07\/IMG_6710-scaled-e1740940433709-1024x820.jpg 1024w, https:\/\/edukacija21.com\/wp-content\/uploads\/2021\/07\/IMG_6710-scaled-e1740940433709-150x120.jpg 150w, https:\/\/edukacija21.com\/wp-content\/uploads\/2021\/07\/IMG_6710-scaled-e1740940433709-768x615.jpg 768w, https:\/\/edukacija21.com\/wp-content\/uploads\/2021\/07\/IMG_6710-scaled-e1740940433709-1536x1230.jpg 1536w, https:\/\/edukacija21.com\/wp-content\/uploads\/2021\/07\/IMG_6710-scaled-e1740940433709-50x40.jpg 50w\" sizes=\"auto, (max-width: 1895px) 100vw, 1895px\" \/><\/a>\r\n\t\t\t<\/dt><\/dl><dl class='gallery-item'>\r\n\t\t\t<dt class='gallery-icon landscape'>\r\n\t\t\t\t<a href='https:\/\/edukacija21.com\/en\/img_6723\/'><img loading=\"lazy\" decoding=\"async\" width=\"2393\" height=\"1913\" src=\"https:\/\/edukacija21.com\/wp-content\/uploads\/2020\/04\/IMG_6723-scaled-e1740940472113.jpg\" class=\"attachment-full size-full\" alt=\"\" srcset=\"https:\/\/edukacija21.com\/wp-content\/uploads\/2020\/04\/IMG_6723-scaled-e1740940472113.jpg 2393w, https:\/\/edukacija21.com\/wp-content\/uploads\/2020\/04\/IMG_6723-scaled-e1740940472113-300x240.jpg 300w, https:\/\/edukacija21.com\/wp-content\/uploads\/2020\/04\/IMG_6723-scaled-e1740940472113-1024x819.jpg 1024w, https:\/\/edukacija21.com\/wp-content\/uploads\/2020\/04\/IMG_6723-scaled-e1740940472113-150x120.jpg 150w, https:\/\/edukacija21.com\/wp-content\/uploads\/2020\/04\/IMG_6723-scaled-e1740940472113-768x614.jpg 768w, https:\/\/edukacija21.com\/wp-content\/uploads\/2020\/04\/IMG_6723-scaled-e1740940472113-1536x1228.jpg 1536w, https:\/\/edukacija21.com\/wp-content\/uploads\/2020\/04\/IMG_6723-scaled-e1740940472113-2048x1637.jpg 2048w, https:\/\/edukacija21.com\/wp-content\/uploads\/2020\/04\/IMG_6723-scaled-e1740940472113-50x40.jpg 50w\" sizes=\"auto, (max-width: 2393px) 100vw, 2393px\" \/><\/a>\r\n\t\t\t<\/dt><\/dl><dl class='gallery-item'>\r\n\t\t\t<dt class='gallery-icon landscape'>\r\n\t\t\t\t<a href='https:\/\/edukacija21.com\/en\/upotreba-ikt-materijala-u-nastavi-istorije-i-drustveno-humanistickih-predmeta\/dscn6380\/'><img loading=\"lazy\" decoding=\"async\" width=\"1271\" height=\"1017\" src=\"https:\/\/edukacija21.com\/wp-content\/uploads\/2025\/03\/DSCN6380.jpg\" class=\"attachment-full size-full\" alt=\"\" srcset=\"https:\/\/edukacija21.com\/wp-content\/uploads\/2025\/03\/DSCN6380.jpg 1271w, https:\/\/edukacija21.com\/wp-content\/uploads\/2025\/03\/DSCN6380-300x240.jpg 300w, https:\/\/edukacija21.com\/wp-content\/uploads\/2025\/03\/DSCN6380-1024x819.jpg 1024w, https:\/\/edukacija21.com\/wp-content\/uploads\/2025\/03\/DSCN6380-150x120.jpg 150w, https:\/\/edukacija21.com\/wp-content\/uploads\/2025\/03\/DSCN6380-768x615.jpg 768w, https:\/\/edukacija21.com\/wp-content\/uploads\/2025\/03\/DSCN6380-50x40.jpg 50w\" sizes=\"auto, (max-width: 1271px) 100vw, 1271px\" \/><\/a>\r\n\t\t\t<\/dt><\/dl><br style=\"clear: both\" \/><dl class='gallery-item'>\r\n\t\t\t<dt class='gallery-icon landscape'>\r\n\t\t\t\t<a href='https:\/\/edukacija21.com\/en\/upotreba-ikt-materijala-u-nastavi-istorije-i-drustveno-humanistickih-predmeta\/dscn6401\/'><img loading=\"lazy\" decoding=\"async\" width=\"1445\" height=\"1156\" src=\"https:\/\/edukacija21.com\/wp-content\/uploads\/2025\/03\/DSCN6401.jpg\" class=\"attachment-full size-full\" alt=\"\" srcset=\"https:\/\/edukacija21.com\/wp-content\/uploads\/2025\/03\/DSCN6401.jpg 1445w, https:\/\/edukacija21.com\/wp-content\/uploads\/2025\/03\/DSCN6401-300x240.jpg 300w, https:\/\/edukacija21.com\/wp-content\/uploads\/2025\/03\/DSCN6401-1024x819.jpg 1024w, https:\/\/edukacija21.com\/wp-content\/uploads\/2025\/03\/DSCN6401-150x120.jpg 150w, https:\/\/edukacija21.com\/wp-content\/uploads\/2025\/03\/DSCN6401-768x614.jpg 768w, https:\/\/edukacija21.com\/wp-content\/uploads\/2025\/03\/DSCN6401-50x40.jpg 50w\" sizes=\"auto, (max-width: 1445px) 100vw, 1445px\" \/><\/a>\r\n\t\t\t<\/dt><\/dl><dl class='gallery-item'>\r\n\t\t\t<dt class='gallery-icon landscape'>\r\n\t\t\t\t<a href='https:\/\/edukacija21.com\/en\/upotreba-ikt-materijala-u-nastavi-istorije-i-drustveno-humanistickih-predmeta\/dscn6409\/'><img loading=\"lazy\" decoding=\"async\" width=\"1903\" height=\"1522\" src=\"https:\/\/edukacija21.com\/wp-content\/uploads\/2025\/03\/DSCN6409.jpg\" class=\"attachment-full size-full\" alt=\"\" srcset=\"https:\/\/edukacija21.com\/wp-content\/uploads\/2025\/03\/DSCN6409.jpg 1903w, https:\/\/edukacija21.com\/wp-content\/uploads\/2025\/03\/DSCN6409-300x240.jpg 300w, https:\/\/edukacija21.com\/wp-content\/uploads\/2025\/03\/DSCN6409-1024x819.jpg 1024w, https:\/\/edukacija21.com\/wp-content\/uploads\/2025\/03\/DSCN6409-150x120.jpg 150w, https:\/\/edukacija21.com\/wp-content\/uploads\/2025\/03\/DSCN6409-768x614.jpg 768w, https:\/\/edukacija21.com\/wp-content\/uploads\/2025\/03\/DSCN6409-1536x1228.jpg 1536w, https:\/\/edukacija21.com\/wp-content\/uploads\/2025\/03\/DSCN6409-50x40.jpg 50w\" sizes=\"auto, (max-width: 1903px) 100vw, 1903px\" \/><\/a>\r\n\t\t\t<\/dt><\/dl><dl class='gallery-item'>\r\n\t\t\t<dt class='gallery-icon landscape'>\r\n\t\t\t\t<a href='https:\/\/edukacija21.com\/en\/upotreba-ikt-materijala-u-nastavi-istorije-i-drustveno-humanistickih-predmeta\/dscn6420\/'><img loading=\"lazy\" decoding=\"async\" width=\"1920\" height=\"1536\" src=\"https:\/\/edukacija21.com\/wp-content\/uploads\/2025\/03\/DSCN6420.jpg\" class=\"attachment-full size-full\" alt=\"\" srcset=\"https:\/\/edukacija21.com\/wp-content\/uploads\/2025\/03\/DSCN6420.jpg 1920w, https:\/\/edukacija21.com\/wp-content\/uploads\/2025\/03\/DSCN6420-300x240.jpg 300w, https:\/\/edukacija21.com\/wp-content\/uploads\/2025\/03\/DSCN6420-1024x819.jpg 1024w, https:\/\/edukacija21.com\/wp-content\/uploads\/2025\/03\/DSCN6420-150x120.jpg 150w, https:\/\/edukacija21.com\/wp-content\/uploads\/2025\/03\/DSCN6420-768x614.jpg 768w, https:\/\/edukacija21.com\/wp-content\/uploads\/2025\/03\/DSCN6420-1536x1229.jpg 1536w, https:\/\/edukacija21.com\/wp-content\/uploads\/2025\/03\/DSCN6420-50x40.jpg 50w\" sizes=\"auto, (max-width: 1920px) 100vw, 1920px\" \/><\/a>\r\n\t\t\t<\/dt><\/dl><br style=\"clear: both\" \/><dl class='gallery-item'>\r\n\t\t\t<dt class='gallery-icon landscape'>\r\n\t\t\t\t<a href='https:\/\/edukacija21.com\/en\/homepage\/projekti\/dscn6315\/'><img loading=\"lazy\" decoding=\"async\" width=\"1357\" height=\"1086\" src=\"https:\/\/edukacija21.com\/wp-content\/uploads\/2020\/04\/DSCN6315-e1740941128602.jpg\" class=\"attachment-full size-full\" alt=\"\" srcset=\"https:\/\/edukacija21.com\/wp-content\/uploads\/2020\/04\/DSCN6315-e1740941128602.jpg 1357w, https:\/\/edukacija21.com\/wp-content\/uploads\/2020\/04\/DSCN6315-e1740941128602-300x240.jpg 300w, https:\/\/edukacija21.com\/wp-content\/uploads\/2020\/04\/DSCN6315-e1740941128602-1024x820.jpg 1024w, https:\/\/edukacija21.com\/wp-content\/uploads\/2020\/04\/DSCN6315-e1740941128602-150x120.jpg 150w, https:\/\/edukacija21.com\/wp-content\/uploads\/2020\/04\/DSCN6315-e1740941128602-768x615.jpg 768w, https:\/\/edukacija21.com\/wp-content\/uploads\/2020\/04\/DSCN6315-e1740941128602-50x40.jpg 50w\" sizes=\"auto, (max-width: 1357px) 100vw, 1357px\" \/><\/a>\r\n\t\t\t<\/dt><\/dl><dl class='gallery-item'>\r\n\t\t\t<dt class='gallery-icon landscape'>\r\n\t\t\t\t<a href='https:\/\/edukacija21.com\/en\/dscn6317\/'><img loading=\"lazy\" decoding=\"async\" width=\"1479\" height=\"1183\" src=\"https:\/\/edukacija21.com\/wp-content\/uploads\/2020\/04\/DSCN6317-e1740941204625.jpg\" class=\"attachment-full size-full\" alt=\"\" srcset=\"https:\/\/edukacija21.com\/wp-content\/uploads\/2020\/04\/DSCN6317-e1740941204625.jpg 1479w, https:\/\/edukacija21.com\/wp-content\/uploads\/2020\/04\/DSCN6317-e1740941204625-300x240.jpg 300w, https:\/\/edukacija21.com\/wp-content\/uploads\/2020\/04\/DSCN6317-e1740941204625-1024x819.jpg 1024w, https:\/\/edukacija21.com\/wp-content\/uploads\/2020\/04\/DSCN6317-e1740941204625-150x120.jpg 150w, https:\/\/edukacija21.com\/wp-content\/uploads\/2020\/04\/DSCN6317-e1740941204625-768x614.jpg 768w, https:\/\/edukacija21.com\/wp-content\/uploads\/2020\/04\/DSCN6317-e1740941204625-50x40.jpg 50w\" sizes=\"auto, (max-width: 1479px) 100vw, 1479px\" \/><\/a>\r\n\t\t\t<\/dt><\/dl><dl class='gallery-item'>\r\n\t\t\t<dt class='gallery-icon landscape'>\r\n\t\t\t\t<a href='https:\/\/edukacija21.com\/en\/upotreba-ikt-materijala-u-nastavi-istorije-i-drustveno-humanistickih-predmeta\/dscn6419\/'><img loading=\"lazy\" decoding=\"async\" width=\"1920\" height=\"1536\" src=\"https:\/\/edukacija21.com\/wp-content\/uploads\/2025\/03\/DSCN6419.jpg\" class=\"attachment-full size-full\" alt=\"\" srcset=\"https:\/\/edukacija21.com\/wp-content\/uploads\/2025\/03\/DSCN6419.jpg 1920w, https:\/\/edukacija21.com\/wp-content\/uploads\/2025\/03\/DSCN6419-300x240.jpg 300w, https:\/\/edukacija21.com\/wp-content\/uploads\/2025\/03\/DSCN6419-1024x819.jpg 1024w, https:\/\/edukacija21.com\/wp-content\/uploads\/2025\/03\/DSCN6419-150x120.jpg 150w, https:\/\/edukacija21.com\/wp-content\/uploads\/2025\/03\/DSCN6419-768x614.jpg 768w, https:\/\/edukacija21.com\/wp-content\/uploads\/2025\/03\/DSCN6419-1536x1229.jpg 1536w, https:\/\/edukacija21.com\/wp-content\/uploads\/2025\/03\/DSCN6419-50x40.jpg 50w\" sizes=\"auto, (max-width: 1920px) 100vw, 1920px\" \/><\/a>\r\n\t\t\t<\/dt><\/dl><br style=\"clear: both\" \/><dl class='gallery-item'>\r\n\t\t\t<dt class='gallery-icon landscape'>\r\n\t\t\t\t<a href='https:\/\/edukacija21.com\/en\/dscn6342\/'><img loading=\"lazy\" decoding=\"async\" width=\"1579\" height=\"1265\" src=\"https:\/\/edukacija21.com\/wp-content\/uploads\/2021\/07\/DSCN6342-e1740941407685.jpg\" class=\"attachment-full size-full\" alt=\"\" srcset=\"https:\/\/edukacija21.com\/wp-content\/uploads\/2021\/07\/DSCN6342-e1740941407685.jpg 1579w, https:\/\/edukacija21.com\/wp-content\/uploads\/2021\/07\/DSCN6342-e1740941407685-300x240.jpg 300w, https:\/\/edukacija21.com\/wp-content\/uploads\/2021\/07\/DSCN6342-e1740941407685-1024x820.jpg 1024w, https:\/\/edukacija21.com\/wp-content\/uploads\/2021\/07\/DSCN6342-e1740941407685-150x120.jpg 150w, https:\/\/edukacija21.com\/wp-content\/uploads\/2021\/07\/DSCN6342-e1740941407685-768x615.jpg 768w, https:\/\/edukacija21.com\/wp-content\/uploads\/2021\/07\/DSCN6342-e1740941407685-1536x1231.jpg 1536w, https:\/\/edukacija21.com\/wp-content\/uploads\/2021\/07\/DSCN6342-e1740941407685-50x40.jpg 50w\" sizes=\"auto, (max-width: 1579px) 100vw, 1579px\" \/><\/a>\r\n\t\t\t<\/dt><\/dl><dl class='gallery-item'>\r\n\t\t\t<dt class='gallery-icon landscape'>\r\n\t\t\t\t<a href='https:\/\/edukacija21.com\/en\/dscn6132\/'><img loading=\"lazy\" decoding=\"async\" width=\"1920\" height=\"1536\" src=\"https:\/\/edukacija21.com\/wp-content\/uploads\/2021\/07\/DSCN6132-e1740941518527.jpg\" class=\"attachment-full size-full\" alt=\"\" srcset=\"https:\/\/edukacija21.com\/wp-content\/uploads\/2021\/07\/DSCN6132-e1740941518527.jpg 1920w, https:\/\/edukacija21.com\/wp-content\/uploads\/2021\/07\/DSCN6132-e1740941518527-300x240.jpg 300w, https:\/\/edukacija21.com\/wp-content\/uploads\/2021\/07\/DSCN6132-e1740941518527-1024x819.jpg 1024w, https:\/\/edukacija21.com\/wp-content\/uploads\/2021\/07\/DSCN6132-e1740941518527-150x120.jpg 150w, https:\/\/edukacija21.com\/wp-content\/uploads\/2021\/07\/DSCN6132-e1740941518527-768x614.jpg 768w, https:\/\/edukacija21.com\/wp-content\/uploads\/2021\/07\/DSCN6132-e1740941518527-1536x1229.jpg 1536w, https:\/\/edukacija21.com\/wp-content\/uploads\/2021\/07\/DSCN6132-e1740941518527-50x40.jpg 50w\" sizes=\"auto, (max-width: 1920px) 100vw, 1920px\" \/><\/a>\r\n\t\t\t<\/dt><\/dl><dl class='gallery-item'>\r\n\t\t\t<dt class='gallery-icon landscape'>\r\n\t\t\t\t<a href='https:\/\/edukacija21.com\/en\/o-nama\/dscn6309\/'><img loading=\"lazy\" decoding=\"async\" width=\"966\" height=\"773\" src=\"https:\/\/edukacija21.com\/wp-content\/uploads\/2021\/07\/DSCN6309-e1740941439809.jpg\" class=\"attachment-full size-full\" alt=\"\" srcset=\"https:\/\/edukacija21.com\/wp-content\/uploads\/2021\/07\/DSCN6309-e1740941439809.jpg 966w, https:\/\/edukacija21.com\/wp-content\/uploads\/2021\/07\/DSCN6309-e1740941439809-300x240.jpg 300w, https:\/\/edukacija21.com\/wp-content\/uploads\/2021\/07\/DSCN6309-e1740941439809-150x120.jpg 150w, https:\/\/edukacija21.com\/wp-content\/uploads\/2021\/07\/DSCN6309-e1740941439809-768x615.jpg 768w, https:\/\/edukacija21.com\/wp-content\/uploads\/2021\/07\/DSCN6309-e1740941439809-50x40.jpg 50w\" sizes=\"auto, (max-width: 966px) 100vw, 966px\" \/><\/a>\r\n\t\t\t<\/dt><\/dl><br style=\"clear: both\" \/><\/div>\n<\/div><\/div><\/div><\/div>","protected":false},"excerpt":{"rendered":"<p>U savremenom obrazovanju, digitalni alati postaju neizostavan deo nastavnog procesa, otvaraju\u0107i nove mogu\u0107nosti za u\u010denje i interakciju. Sa ciljem osna\u017eivanja nastavnika i unapre\u0111enja primene informaciono-komunikacionih tehnologija (IKT) u nastavi istorije i dru\u0161tveno-humanisti\u010dkih predmeta, realizovan je projekat koji je spojio stru\u010dnjake, profesore i digitalne resurse u dinami\u010dan proces profesionalnog razvoja. Projekat je realizovan u dve faze:&hellip;&nbsp;<a href=\"https:\/\/edukacija21.com\/en\/upotreba-ikt-materijala-u-nastavi-istorije-i-drustveno-humanistickih-predmeta\/\" class=\"\" rel=\"bookmark\">Read More &raquo;<span class=\"screen-reader-text\">Upotreba IKT materijala u nastavi<\/span><\/a><\/p>\n","protected":false},"author":1,"featured_media":0,"parent":0,"menu_order":0,"comment_status":"closed","ping_status":"closed","template":"","meta":{"footnotes":""},"class_list":["post-1882","page","type-page","status-publish","hentry"],"wppr_data":{"cwp_meta_box_check":"No"},"_links":{"self":[{"href":"https:\/\/edukacija21.com\/en\/wp-json\/wp\/v2\/pages\/1882","targetHints":{"allow":["GET"]}}],"collection":[{"href":"https:\/\/edukacija21.com\/en\/wp-json\/wp\/v2\/pages"}],"about":[{"href":"https:\/\/edukacija21.com\/en\/wp-json\/wp\/v2\/types\/page"}],"author":[{"embeddable":true,"href":"https:\/\/edukacija21.com\/en\/wp-json\/wp\/v2\/users\/1"}],"replies":[{"embeddable":true,"href":"https:\/\/edukacija21.com\/en\/wp-json\/wp\/v2\/comments?post=1882"}],"version-history":[{"count":50,"href":"https:\/\/edukacija21.com\/en\/wp-json\/wp\/v2\/pages\/1882\/revisions"}],"predecessor-version":[{"id":10655,"href":"https:\/\/edukacija21.com\/en\/wp-json\/wp\/v2\/pages\/1882\/revisions\/10655"}],"wp:attachment":[{"href":"https:\/\/edukacija21.com\/en\/wp-json\/wp\/v2\/media?parent=1882"}],"curies":[{"name":"wp","href":"https:\/\/api.w.org\/{rel}","templated":true}]}}