{"id":1878,"date":"2017-07-16T13:57:26","date_gmt":"2017-07-16T13:57:26","guid":{"rendered":"http:\/\/edukacija21.com\/?page_id=1878"},"modified":"2020-04-15T17:16:05","modified_gmt":"2020-04-15T17:16:05","slug":"za-bolje-skole-2","status":"publish","type":"page","link":"https:\/\/edukacija21.com\/en\/za-bolje-skole-2\/","title":{"rendered":"OBUKA O STANDARDIMA I KOMPETENCIJAMA"},"content":{"rendered":"<p><a href=\"http:\/\/edukacija21.com\/wp-content\/uploads\/2018\/07\/training.jpg\"><img loading=\"lazy\" decoding=\"async\" class=\"alignnone size-full wp-image-2398\" src=\"http:\/\/edukacija21.com\/wp-content\/uploads\/2018\/07\/training.jpg\" alt=\"\" width=\"555\" height=\"370\" \/><\/a><\/p>\n<p>U najnovijem Katalogu programa stalnog stru\u010dnog usavr\u0161avanja nastavnika, vaspita\u010da i stru\u010dnih saradnika za \u0161kolsku 2018\/2019, 2019\/2020. i 2020\/2021. godinu nalazi se na\u0161 seminar Obuka o standardima i kompetencijama namenjen nastavnicima cele \u0161kole.<br \/>\nVi\u0161e informacija na linku <a href=\"http:\/\/zuov-katalog.rs\/index.php\u2026\">http:\/\/zuov-katalog.rs\/index.php\u2026<\/a><\/p>\n","protected":false},"excerpt":{"rendered":"<p>U najnovijem Katalogu programa stalnog stru\u010dnog usavr\u0161avanja nastavnika, vaspita\u010da i stru\u010dnih saradnika za \u0161kolsku 2018\/2019, 2019\/2020. i 2020\/2021. godinu nalazi se na\u0161 seminar Obuka o standardima i kompetencijama namenjen nastavnicima cele \u0161kole. Vi\u0161e informacija na linku http:\/\/zuov-katalog.rs\/index.php\u2026<\/p>\n","protected":false},"author":1,"featured_media":0,"parent":0,"menu_order":0,"comment_status":"closed","ping_status":"closed","template":"","meta":{"footnotes":""},"class_list":["post-1878","page","type-page","status-publish","hentry"],"wppr_data":{"cwp_meta_box_check":"No"},"_links":{"self":[{"href":"https:\/\/edukacija21.com\/en\/wp-json\/wp\/v2\/pages\/1878","targetHints":{"allow":["GET"]}}],"collection":[{"href":"https:\/\/edukacija21.com\/en\/wp-json\/wp\/v2\/pages"}],"about":[{"href":"https:\/\/edukacija21.com\/en\/wp-json\/wp\/v2\/types\/page"}],"author":[{"embeddable":true,"href":"https:\/\/edukacija21.com\/en\/wp-json\/wp\/v2\/users\/1"}],"replies":[{"embeddable":true,"href":"https:\/\/edukacija21.com\/en\/wp-json\/wp\/v2\/comments?post=1878"}],"version-history":[{"count":5,"href":"https:\/\/edukacija21.com\/en\/wp-json\/wp\/v2\/pages\/1878\/revisions"}],"predecessor-version":[{"id":5385,"href":"https:\/\/edukacija21.com\/en\/wp-json\/wp\/v2\/pages\/1878\/revisions\/5385"}],"wp:attachment":[{"href":"https:\/\/edukacija21.com\/en\/wp-json\/wp\/v2\/media?parent=1878"}],"curies":[{"name":"wp","href":"https:\/\/api.w.org\/{rel}","templated":true}]}}