{"id":10689,"date":"2025-03-03T09:15:05","date_gmt":"2025-03-03T09:15:05","guid":{"rendered":"https:\/\/edukacija21.com\/?page_id=10689"},"modified":"2026-01-07T20:03:51","modified_gmt":"2026-01-07T20:03:51","slug":"10689-2","status":"publish","type":"page","link":"https:\/\/edukacija21.com\/en\/10689-2\/","title":{"rendered":"For Better Schools"},"content":{"rendered":"<div id=\"pl-10689\"  class=\"panel-layout\" ><div id=\"pg-10689-0\"  class=\"panel-grid panel-no-style\" ><div id=\"pgc-10689-0-0\"  class=\"panel-grid-cell\" ><div id=\"panel-10689-0-0-0\" class=\"so-panel widget widget_sow-editor panel-first-child\" data-index=\"0\" ><div\n\t\t\t\n\t\t\tclass=\"so-widget-sow-editor so-widget-sow-editor-base\"\n\t\t\t\n\t\t>\n<div class=\"siteorigin-widget-tinymce textwidget\">\n\t<blockquote><p>How We Connected Students, Developed Empathy, and Showed That School Can Be Much More Than Just Learning from Books<\/p><\/blockquote>\n<p>The For Better Schools project took place during 2016 and 2017, bringing together high school students and students with disabilities from Du\u0161an Dugali\u0107 Primary School through art, volunteering, and joint activities. Through theater performances, art workshops, humanitarian actions, and a medieval fair, students had the opportunity to meet, collaborate, and learn from one another, demonstrating that school can be a place for understanding and solidarity.<\/p>\n<p>What did we do?<br \/>\nTheater performance \"The Blue Color of Snow\" (2017)<br \/>\nStudents from the \u010cetrnaesta Belgrade Gymnasium prepared a play for the students of Du\u0161an Dugali\u0107 Primary School. They chose the script themselves, held auditions, adapted the script, and, with the help of Professor Zorana Jankovi\u0107, thought of ways to make the story more accessible to students with disabilities. The performance was filled with laughter, applause, and real stage excitement!<\/p>\n<p>Theater performance \"How Ugly Words Were Born\" (2018)<br \/>\nIn an effort to bring the magic of theater closer, we organized the play How Ugly Words Were Born for students from Du\u0161an Dugali\u0107 Primary School. This educational and humorous play, created with the support of high school students, explores the origin and meaning of words we use every day in a fun and engaging way.<\/p>\n<p>Art in the Service of Humanity (2017)<br \/>\nHow can art help others? We organized a humanitarian exhibition, art workshops at the gymnasium, and film screenings, with all the funds raised going to support students from Du\u0161an Dugali\u0107 Primary School.<\/p>\n<p>Medieval Fair (2018)<br \/>\nWhat was life like for knights, scribes, and scientists in the Middle Ages? In preparation for the Medieval Fair, students brought the spirit of past times to life through various activities. A calligraphy section allowed them to explore the art of medieval writing, while students from the Faculty of Philosophy organized a workshop on Serbian medieval history. Physics teachers prepared scientific experiments inspired by the achievements of the era, and volunteers helped organize the event. A particular highlight of the fair was the display of authentic knight costumes, which further enhanced the atmosphere.<\/p>\n<p>Peer Support and Volunteering<br \/>\nHigh school students visited the school, got to know the students and their teachers, and through joint activities, they showed that we can all learn from one another.<\/p>\n<p>Humanitarian Packages<br \/>\nIn addition to creative activities, we also collected necessary items for the students of Du\u0161an Dugali\u0107 Primary School, demonstrating solidarity with the staff and students of this important institution.<\/p>\n<p>This initiative was a powerful demonstration of unity, inclusion, and the desire to make school a better place for everyone.<\/p>\n<p>&nbsp;<\/p>\n<p>&nbsp;<\/p>\n<p>&nbsp;<\/p>\n<p>&nbsp;<\/p>\n<\/div>\n<\/div><\/div><div id=\"panel-10689-0-0-1\" class=\"so-panel widget widget_media_gallery panel-last-child\" data-index=\"1\" ><div id='gallery-1' class='gallery galleryid-10689 gallery-columns-3 gallery-size-full'><dl class='gallery-item'>\r\n\t\t\t<dt class='gallery-icon landscape'>\r\n\t\t\t\t<a href='https:\/\/edukacija21.com\/en\/10689-2\/img_3131\/'><img loading=\"lazy\" decoding=\"async\" width=\"2320\" height=\"1856\" src=\"https:\/\/edukacija21.com\/wp-content\/uploads\/2025\/03\/IMG_3131.jpg\" class=\"attachment-full size-full\" alt=\"\" srcset=\"https:\/\/edukacija21.com\/wp-content\/uploads\/2025\/03\/IMG_3131.jpg 2320w, https:\/\/edukacija21.com\/wp-content\/uploads\/2025\/03\/IMG_3131-300x240.jpg 300w, https:\/\/edukacija21.com\/wp-content\/uploads\/2025\/03\/IMG_3131-1024x819.jpg 1024w, https:\/\/edukacija21.com\/wp-content\/uploads\/2025\/03\/IMG_3131-150x120.jpg 150w, https:\/\/edukacija21.com\/wp-content\/uploads\/2025\/03\/IMG_3131-768x614.jpg 768w, https:\/\/edukacija21.com\/wp-content\/uploads\/2025\/03\/IMG_3131-1536x1229.jpg 1536w, https:\/\/edukacija21.com\/wp-content\/uploads\/2025\/03\/IMG_3131-2048x1638.jpg 2048w, https:\/\/edukacija21.com\/wp-content\/uploads\/2025\/03\/IMG_3131-50x40.jpg 50w\" sizes=\"auto, (max-width: 2320px) 100vw, 2320px\" \/><\/a>\r\n\t\t\t<\/dt><\/dl><dl class='gallery-item'>\r\n\t\t\t<dt class='gallery-icon landscape'>\r\n\t\t\t\t<a href='https:\/\/edukacija21.com\/en\/10689-2\/img_3459\/'><img loading=\"lazy\" decoding=\"async\" width=\"2063\" height=\"1655\" src=\"https:\/\/edukacija21.com\/wp-content\/uploads\/2025\/03\/IMG_3459.jpg\" class=\"attachment-full size-full\" alt=\"\" srcset=\"https:\/\/edukacija21.com\/wp-content\/uploads\/2025\/03\/IMG_3459.jpg 2063w, https:\/\/edukacija21.com\/wp-content\/uploads\/2025\/03\/IMG_3459-300x241.jpg 300w, https:\/\/edukacija21.com\/wp-content\/uploads\/2025\/03\/IMG_3459-1024x821.jpg 1024w, https:\/\/edukacija21.com\/wp-content\/uploads\/2025\/03\/IMG_3459-150x120.jpg 150w, https:\/\/edukacija21.com\/wp-content\/uploads\/2025\/03\/IMG_3459-768x616.jpg 768w, https:\/\/edukacija21.com\/wp-content\/uploads\/2025\/03\/IMG_3459-1536x1232.jpg 1536w, https:\/\/edukacija21.com\/wp-content\/uploads\/2025\/03\/IMG_3459-2048x1643.jpg 2048w, https:\/\/edukacija21.com\/wp-content\/uploads\/2025\/03\/IMG_3459-50x40.jpg 50w\" sizes=\"auto, (max-width: 2063px) 100vw, 2063px\" \/><\/a>\r\n\t\t\t<\/dt><\/dl><dl class='gallery-item'>\r\n\t\t\t<dt class='gallery-icon landscape'>\r\n\t\t\t\t<a href='https:\/\/edukacija21.com\/en\/10689-2\/img_9546\/'><img loading=\"lazy\" decoding=\"async\" width=\"2560\" height=\"2049\" src=\"https:\/\/edukacija21.com\/wp-content\/uploads\/2025\/03\/IMG_9546-scaled.jpg\" class=\"attachment-full size-full\" alt=\"\" srcset=\"https:\/\/edukacija21.com\/wp-content\/uploads\/2025\/03\/IMG_9546-scaled.jpg 2560w, https:\/\/edukacija21.com\/wp-content\/uploads\/2025\/03\/IMG_9546-300x240.jpg 300w, https:\/\/edukacija21.com\/wp-content\/uploads\/2025\/03\/IMG_9546-1024x819.jpg 1024w, https:\/\/edukacija21.com\/wp-content\/uploads\/2025\/03\/IMG_9546-150x120.jpg 150w, https:\/\/edukacija21.com\/wp-content\/uploads\/2025\/03\/IMG_9546-768x615.jpg 768w, https:\/\/edukacija21.com\/wp-content\/uploads\/2025\/03\/IMG_9546-1536x1229.jpg 1536w, https:\/\/edukacija21.com\/wp-content\/uploads\/2025\/03\/IMG_9546-2048x1639.jpg 2048w, https:\/\/edukacija21.com\/wp-content\/uploads\/2025\/03\/IMG_9546-50x40.jpg 50w\" sizes=\"auto, (max-width: 2560px) 100vw, 2560px\" \/><\/a>\r\n\t\t\t<\/dt><\/dl><br style=\"clear: both\" \/><dl class='gallery-item'>\r\n\t\t\t<dt class='gallery-icon landscape'>\r\n\t\t\t\t<a href='https:\/\/edukacija21.com\/en\/10689-2\/img_3143\/'><img loading=\"lazy\" decoding=\"async\" width=\"1903\" height=\"1523\" src=\"https:\/\/edukacija21.com\/wp-content\/uploads\/2025\/03\/IMG_3143.jpg\" class=\"attachment-full size-full\" alt=\"\" srcset=\"https:\/\/edukacija21.com\/wp-content\/uploads\/2025\/03\/IMG_3143.jpg 1903w, https:\/\/edukacija21.com\/wp-content\/uploads\/2025\/03\/IMG_3143-300x240.jpg 300w, https:\/\/edukacija21.com\/wp-content\/uploads\/2025\/03\/IMG_3143-1024x820.jpg 1024w, https:\/\/edukacija21.com\/wp-content\/uploads\/2025\/03\/IMG_3143-150x120.jpg 150w, https:\/\/edukacija21.com\/wp-content\/uploads\/2025\/03\/IMG_3143-768x615.jpg 768w, https:\/\/edukacija21.com\/wp-content\/uploads\/2025\/03\/IMG_3143-1536x1229.jpg 1536w, https:\/\/edukacija21.com\/wp-content\/uploads\/2025\/03\/IMG_3143-50x40.jpg 50w\" sizes=\"auto, (max-width: 1903px) 100vw, 1903px\" \/><\/a>\r\n\t\t\t<\/dt><\/dl><dl class='gallery-item'>\r\n\t\t\t<dt class='gallery-icon landscape'>\r\n\t\t\t\t<a href='https:\/\/edukacija21.com\/en\/10689-2\/img_9551\/'><img loading=\"lazy\" decoding=\"async\" width=\"2478\" height=\"1982\" src=\"https:\/\/edukacija21.com\/wp-content\/uploads\/2025\/03\/IMG_9551.jpg\" class=\"attachment-full size-full\" alt=\"\" srcset=\"https:\/\/edukacija21.com\/wp-content\/uploads\/2025\/03\/IMG_9551.jpg 2478w, https:\/\/edukacija21.com\/wp-content\/uploads\/2025\/03\/IMG_9551-300x240.jpg 300w, https:\/\/edukacija21.com\/wp-content\/uploads\/2025\/03\/IMG_9551-1024x819.jpg 1024w, https:\/\/edukacija21.com\/wp-content\/uploads\/2025\/03\/IMG_9551-150x120.jpg 150w, https:\/\/edukacija21.com\/wp-content\/uploads\/2025\/03\/IMG_9551-768x614.jpg 768w, https:\/\/edukacija21.com\/wp-content\/uploads\/2025\/03\/IMG_9551-1536x1229.jpg 1536w, https:\/\/edukacija21.com\/wp-content\/uploads\/2025\/03\/IMG_9551-2048x1638.jpg 2048w, https:\/\/edukacija21.com\/wp-content\/uploads\/2025\/03\/IMG_9551-50x40.jpg 50w\" sizes=\"auto, (max-width: 2478px) 100vw, 2478px\" \/><\/a>\r\n\t\t\t<\/dt><\/dl><dl class='gallery-item'>\r\n\t\t\t<dt class='gallery-icon landscape'>\r\n\t\t\t\t<a href='https:\/\/edukacija21.com\/en\/10689-2\/img_3121\/'><img loading=\"lazy\" decoding=\"async\" width=\"1795\" height=\"1436\" src=\"https:\/\/edukacija21.com\/wp-content\/uploads\/2025\/03\/IMG_3121.jpg\" class=\"attachment-full size-full\" alt=\"\" srcset=\"https:\/\/edukacija21.com\/wp-content\/uploads\/2025\/03\/IMG_3121.jpg 1795w, https:\/\/edukacija21.com\/wp-content\/uploads\/2025\/03\/IMG_3121-300x240.jpg 300w, https:\/\/edukacija21.com\/wp-content\/uploads\/2025\/03\/IMG_3121-1024x819.jpg 1024w, https:\/\/edukacija21.com\/wp-content\/uploads\/2025\/03\/IMG_3121-150x120.jpg 150w, https:\/\/edukacija21.com\/wp-content\/uploads\/2025\/03\/IMG_3121-768x614.jpg 768w, https:\/\/edukacija21.com\/wp-content\/uploads\/2025\/03\/IMG_3121-1536x1229.jpg 1536w, https:\/\/edukacija21.com\/wp-content\/uploads\/2025\/03\/IMG_3121-50x40.jpg 50w\" sizes=\"auto, (max-width: 1795px) 100vw, 1795px\" \/><\/a>\r\n\t\t\t<\/dt><\/dl><br style=\"clear: both\" \/><dl class='gallery-item'>\r\n\t\t\t<dt class='gallery-icon landscape'>\r\n\t\t\t\t<a href='https:\/\/edukacija21.com\/en\/10689-2\/img_3467\/'><img loading=\"lazy\" decoding=\"async\" width=\"2212\" height=\"1769\" src=\"https:\/\/edukacija21.com\/wp-content\/uploads\/2025\/03\/IMG_3467.jpg\" class=\"attachment-full size-full\" alt=\"\" srcset=\"https:\/\/edukacija21.com\/wp-content\/uploads\/2025\/03\/IMG_3467.jpg 2212w, https:\/\/edukacija21.com\/wp-content\/uploads\/2025\/03\/IMG_3467-300x240.jpg 300w, https:\/\/edukacija21.com\/wp-content\/uploads\/2025\/03\/IMG_3467-1024x819.jpg 1024w, https:\/\/edukacija21.com\/wp-content\/uploads\/2025\/03\/IMG_3467-150x120.jpg 150w, https:\/\/edukacija21.com\/wp-content\/uploads\/2025\/03\/IMG_3467-768x614.jpg 768w, https:\/\/edukacija21.com\/wp-content\/uploads\/2025\/03\/IMG_3467-1536x1228.jpg 1536w, https:\/\/edukacija21.com\/wp-content\/uploads\/2025\/03\/IMG_3467-2048x1638.jpg 2048w, https:\/\/edukacija21.com\/wp-content\/uploads\/2025\/03\/IMG_3467-50x40.jpg 50w\" sizes=\"auto, (max-width: 2212px) 100vw, 2212px\" \/><\/a>\r\n\t\t\t<\/dt><\/dl><dl class='gallery-item'>\r\n\t\t\t<dt class='gallery-icon landscape'>\r\n\t\t\t\t<a href='https:\/\/edukacija21.com\/en\/10689-2\/img_9764\/'><img loading=\"lazy\" decoding=\"async\" width=\"2320\" height=\"1856\" src=\"https:\/\/edukacija21.com\/wp-content\/uploads\/2025\/03\/IMG_9764.jpg\" class=\"attachment-full size-full\" alt=\"\" srcset=\"https:\/\/edukacija21.com\/wp-content\/uploads\/2025\/03\/IMG_9764.jpg 2320w, https:\/\/edukacija21.com\/wp-content\/uploads\/2025\/03\/IMG_9764-300x240.jpg 300w, https:\/\/edukacija21.com\/wp-content\/uploads\/2025\/03\/IMG_9764-1024x819.jpg 1024w, https:\/\/edukacija21.com\/wp-content\/uploads\/2025\/03\/IMG_9764-150x120.jpg 150w, https:\/\/edukacija21.com\/wp-content\/uploads\/2025\/03\/IMG_9764-768x614.jpg 768w, https:\/\/edukacija21.com\/wp-content\/uploads\/2025\/03\/IMG_9764-1536x1229.jpg 1536w, https:\/\/edukacija21.com\/wp-content\/uploads\/2025\/03\/IMG_9764-2048x1638.jpg 2048w, https:\/\/edukacija21.com\/wp-content\/uploads\/2025\/03\/IMG_9764-50x40.jpg 50w\" sizes=\"auto, (max-width: 2320px) 100vw, 2320px\" \/><\/a>\r\n\t\t\t<\/dt><\/dl><dl class='gallery-item'>\r\n\t\t\t<dt class='gallery-icon landscape'>\r\n\t\t\t\t<a href='https:\/\/edukacija21.com\/en\/10689-2\/img_3488\/'><img loading=\"lazy\" decoding=\"async\" width=\"2560\" height=\"2049\" src=\"https:\/\/edukacija21.com\/wp-content\/uploads\/2025\/03\/IMG_3488-scaled.jpg\" class=\"attachment-full size-full\" alt=\"\" srcset=\"https:\/\/edukacija21.com\/wp-content\/uploads\/2025\/03\/IMG_3488-scaled.jpg 2560w, https:\/\/edukacija21.com\/wp-content\/uploads\/2025\/03\/IMG_3488-300x240.jpg 300w, https:\/\/edukacija21.com\/wp-content\/uploads\/2025\/03\/IMG_3488-1024x819.jpg 1024w, https:\/\/edukacija21.com\/wp-content\/uploads\/2025\/03\/IMG_3488-150x120.jpg 150w, https:\/\/edukacija21.com\/wp-content\/uploads\/2025\/03\/IMG_3488-768x615.jpg 768w, https:\/\/edukacija21.com\/wp-content\/uploads\/2025\/03\/IMG_3488-1536x1229.jpg 1536w, https:\/\/edukacija21.com\/wp-content\/uploads\/2025\/03\/IMG_3488-2048x1639.jpg 2048w, https:\/\/edukacija21.com\/wp-content\/uploads\/2025\/03\/IMG_3488-50x40.jpg 50w\" sizes=\"auto, (max-width: 2560px) 100vw, 2560px\" \/><\/a>\r\n\t\t\t<\/dt><\/dl><br style=\"clear: both\" \/><dl class='gallery-item'>\r\n\t\t\t<dt class='gallery-icon landscape'>\r\n\t\t\t\t<a href='https:\/\/edukacija21.com\/en\/10689-2\/img_9455\/'><img loading=\"lazy\" decoding=\"async\" width=\"2560\" height=\"2048\" src=\"https:\/\/edukacija21.com\/wp-content\/uploads\/2025\/03\/IMG_9455-scaled.jpg\" class=\"attachment-full size-full\" alt=\"\" srcset=\"https:\/\/edukacija21.com\/wp-content\/uploads\/2025\/03\/IMG_9455-scaled.jpg 2560w, https:\/\/edukacija21.com\/wp-content\/uploads\/2025\/03\/IMG_9455-300x240.jpg 300w, https:\/\/edukacija21.com\/wp-content\/uploads\/2025\/03\/IMG_9455-1024x819.jpg 1024w, https:\/\/edukacija21.com\/wp-content\/uploads\/2025\/03\/IMG_9455-150x120.jpg 150w, https:\/\/edukacija21.com\/wp-content\/uploads\/2025\/03\/IMG_9455-768x614.jpg 768w, https:\/\/edukacija21.com\/wp-content\/uploads\/2025\/03\/IMG_9455-1536x1229.jpg 1536w, https:\/\/edukacija21.com\/wp-content\/uploads\/2025\/03\/IMG_9455-2048x1638.jpg 2048w, https:\/\/edukacija21.com\/wp-content\/uploads\/2025\/03\/IMG_9455-50x40.jpg 50w\" sizes=\"auto, (max-width: 2560px) 100vw, 2560px\" \/><\/a>\r\n\t\t\t<\/dt><\/dl><dl class='gallery-item'>\r\n\t\t\t<dt class='gallery-icon landscape'>\r\n\t\t\t\t<a href='https:\/\/edukacija21.com\/en\/10689-2\/img_3095\/'><img loading=\"lazy\" decoding=\"async\" width=\"2320\" height=\"1856\" src=\"https:\/\/edukacija21.com\/wp-content\/uploads\/2025\/03\/IMG_3095.jpg\" class=\"attachment-full size-full\" alt=\"\" srcset=\"https:\/\/edukacija21.com\/wp-content\/uploads\/2025\/03\/IMG_3095.jpg 2320w, https:\/\/edukacija21.com\/wp-content\/uploads\/2025\/03\/IMG_3095-300x240.jpg 300w, https:\/\/edukacija21.com\/wp-content\/uploads\/2025\/03\/IMG_3095-1024x819.jpg 1024w, https:\/\/edukacija21.com\/wp-content\/uploads\/2025\/03\/IMG_3095-150x120.jpg 150w, https:\/\/edukacija21.com\/wp-content\/uploads\/2025\/03\/IMG_3095-768x614.jpg 768w, https:\/\/edukacija21.com\/wp-content\/uploads\/2025\/03\/IMG_3095-1536x1229.jpg 1536w, https:\/\/edukacija21.com\/wp-content\/uploads\/2025\/03\/IMG_3095-2048x1638.jpg 2048w, https:\/\/edukacija21.com\/wp-content\/uploads\/2025\/03\/IMG_3095-50x40.jpg 50w\" sizes=\"auto, (max-width: 2320px) 100vw, 2320px\" \/><\/a>\r\n\t\t\t<\/dt><\/dl><dl class='gallery-item'>\r\n\t\t\t<dt class='gallery-icon landscape'>\r\n\t\t\t\t<a href='https:\/\/edukacija21.com\/en\/10689-2\/img_9414\/'><img loading=\"lazy\" decoding=\"async\" width=\"1634\" height=\"1307\" src=\"https:\/\/edukacija21.com\/wp-content\/uploads\/2025\/03\/IMG_9414.jpg\" class=\"attachment-full size-full\" alt=\"\" srcset=\"https:\/\/edukacija21.com\/wp-content\/uploads\/2025\/03\/IMG_9414.jpg 1634w, https:\/\/edukacija21.com\/wp-content\/uploads\/2025\/03\/IMG_9414-300x240.jpg 300w, https:\/\/edukacija21.com\/wp-content\/uploads\/2025\/03\/IMG_9414-1024x819.jpg 1024w, https:\/\/edukacija21.com\/wp-content\/uploads\/2025\/03\/IMG_9414-150x120.jpg 150w, https:\/\/edukacija21.com\/wp-content\/uploads\/2025\/03\/IMG_9414-768x614.jpg 768w, https:\/\/edukacija21.com\/wp-content\/uploads\/2025\/03\/IMG_9414-1536x1229.jpg 1536w, https:\/\/edukacija21.com\/wp-content\/uploads\/2025\/03\/IMG_9414-50x40.jpg 50w\" sizes=\"auto, (max-width: 1634px) 100vw, 1634px\" \/><\/a>\r\n\t\t\t<\/dt><\/dl><br style=\"clear: both\" \/><dl class='gallery-item'>\r\n\t\t\t<dt class='gallery-icon landscape'>\r\n\t\t\t\t<a href='https:\/\/edukacija21.com\/en\/10689-2\/img_3100\/'><img loading=\"lazy\" decoding=\"async\" width=\"2320\" height=\"1856\" src=\"https:\/\/edukacija21.com\/wp-content\/uploads\/2025\/03\/IMG_3100.jpg\" class=\"attachment-full size-full\" alt=\"\" srcset=\"https:\/\/edukacija21.com\/wp-content\/uploads\/2025\/03\/IMG_3100.jpg 2320w, https:\/\/edukacija21.com\/wp-content\/uploads\/2025\/03\/IMG_3100-300x240.jpg 300w, https:\/\/edukacija21.com\/wp-content\/uploads\/2025\/03\/IMG_3100-1024x819.jpg 1024w, https:\/\/edukacija21.com\/wp-content\/uploads\/2025\/03\/IMG_3100-150x120.jpg 150w, https:\/\/edukacija21.com\/wp-content\/uploads\/2025\/03\/IMG_3100-768x614.jpg 768w, https:\/\/edukacija21.com\/wp-content\/uploads\/2025\/03\/IMG_3100-1536x1229.jpg 1536w, https:\/\/edukacija21.com\/wp-content\/uploads\/2025\/03\/IMG_3100-2048x1638.jpg 2048w, https:\/\/edukacija21.com\/wp-content\/uploads\/2025\/03\/IMG_3100-50x40.jpg 50w\" sizes=\"auto, (max-width: 2320px) 100vw, 2320px\" \/><\/a>\r\n\t\t\t<\/dt><\/dl><dl class='gallery-item'>\r\n\t\t\t<dt class='gallery-icon landscape'>\r\n\t\t\t\t<a href='https:\/\/edukacija21.com\/en\/10689-2\/img_9430\/'><img loading=\"lazy\" decoding=\"async\" width=\"1701\" height=\"1361\" src=\"https:\/\/edukacija21.com\/wp-content\/uploads\/2025\/03\/IMG_9430.jpg\" class=\"attachment-full size-full\" alt=\"\" srcset=\"https:\/\/edukacija21.com\/wp-content\/uploads\/2025\/03\/IMG_9430.jpg 1701w, https:\/\/edukacija21.com\/wp-content\/uploads\/2025\/03\/IMG_9430-300x240.jpg 300w, https:\/\/edukacija21.com\/wp-content\/uploads\/2025\/03\/IMG_9430-1024x819.jpg 1024w, https:\/\/edukacija21.com\/wp-content\/uploads\/2025\/03\/IMG_9430-150x120.jpg 150w, https:\/\/edukacija21.com\/wp-content\/uploads\/2025\/03\/IMG_9430-768x614.jpg 768w, https:\/\/edukacija21.com\/wp-content\/uploads\/2025\/03\/IMG_9430-1536x1229.jpg 1536w, https:\/\/edukacija21.com\/wp-content\/uploads\/2025\/03\/IMG_9430-50x40.jpg 50w\" sizes=\"auto, (max-width: 1701px) 100vw, 1701px\" \/><\/a>\r\n\t\t\t<\/dt><\/dl><dl class='gallery-item'>\r\n\t\t\t<dt class='gallery-icon landscape'>\r\n\t\t\t\t<a href='https:\/\/edukacija21.com\/en\/10689-2\/img_9725\/'><img loading=\"lazy\" decoding=\"async\" width=\"2298\" height=\"1838\" src=\"https:\/\/edukacija21.com\/wp-content\/uploads\/2025\/03\/IMG_9725.jpg\" class=\"attachment-full size-full\" alt=\"\" srcset=\"https:\/\/edukacija21.com\/wp-content\/uploads\/2025\/03\/IMG_9725.jpg 2298w, https:\/\/edukacija21.com\/wp-content\/uploads\/2025\/03\/IMG_9725-300x240.jpg 300w, https:\/\/edukacija21.com\/wp-content\/uploads\/2025\/03\/IMG_9725-1024x819.jpg 1024w, https:\/\/edukacija21.com\/wp-content\/uploads\/2025\/03\/IMG_9725-150x120.jpg 150w, https:\/\/edukacija21.com\/wp-content\/uploads\/2025\/03\/IMG_9725-768x614.jpg 768w, https:\/\/edukacija21.com\/wp-content\/uploads\/2025\/03\/IMG_9725-1536x1229.jpg 1536w, https:\/\/edukacija21.com\/wp-content\/uploads\/2025\/03\/IMG_9725-2048x1638.jpg 2048w, https:\/\/edukacija21.com\/wp-content\/uploads\/2025\/03\/IMG_9725-50x40.jpg 50w\" sizes=\"auto, (max-width: 2298px) 100vw, 2298px\" \/><\/a>\r\n\t\t\t<\/dt><\/dl><br style=\"clear: both\" \/><dl class='gallery-item'>\r\n\t\t\t<dt class='gallery-icon landscape'>\r\n\t\t\t\t<a href='https:\/\/edukacija21.com\/en\/10689-2\/img_9574\/'><img loading=\"lazy\" decoding=\"async\" width=\"2033\" height=\"1626\" src=\"https:\/\/edukacija21.com\/wp-content\/uploads\/2025\/03\/IMG_9574.jpg\" class=\"attachment-full size-full\" alt=\"\" srcset=\"https:\/\/edukacija21.com\/wp-content\/uploads\/2025\/03\/IMG_9574.jpg 2033w, https:\/\/edukacija21.com\/wp-content\/uploads\/2025\/03\/IMG_9574-300x240.jpg 300w, https:\/\/edukacija21.com\/wp-content\/uploads\/2025\/03\/IMG_9574-1024x819.jpg 1024w, https:\/\/edukacija21.com\/wp-content\/uploads\/2025\/03\/IMG_9574-150x120.jpg 150w, https:\/\/edukacija21.com\/wp-content\/uploads\/2025\/03\/IMG_9574-768x614.jpg 768w, https:\/\/edukacija21.com\/wp-content\/uploads\/2025\/03\/IMG_9574-1536x1228.jpg 1536w, https:\/\/edukacija21.com\/wp-content\/uploads\/2025\/03\/IMG_9574-50x40.jpg 50w\" sizes=\"auto, (max-width: 2033px) 100vw, 2033px\" \/><\/a>\r\n\t\t\t<\/dt><\/dl><dl class='gallery-item'>\r\n\t\t\t<dt class='gallery-icon landscape'>\r\n\t\t\t\t<a href='https:\/\/edukacija21.com\/en\/10689-2\/img_3464\/'><img loading=\"lazy\" decoding=\"async\" width=\"2186\" height=\"1749\" src=\"https:\/\/edukacija21.com\/wp-content\/uploads\/2025\/03\/IMG_3464.jpg\" class=\"attachment-full size-full\" alt=\"\" srcset=\"https:\/\/edukacija21.com\/wp-content\/uploads\/2025\/03\/IMG_3464.jpg 2186w, https:\/\/edukacija21.com\/wp-content\/uploads\/2025\/03\/IMG_3464-300x240.jpg 300w, https:\/\/edukacija21.com\/wp-content\/uploads\/2025\/03\/IMG_3464-1024x819.jpg 1024w, https:\/\/edukacija21.com\/wp-content\/uploads\/2025\/03\/IMG_3464-150x120.jpg 150w, https:\/\/edukacija21.com\/wp-content\/uploads\/2025\/03\/IMG_3464-768x614.jpg 768w, https:\/\/edukacija21.com\/wp-content\/uploads\/2025\/03\/IMG_3464-1536x1229.jpg 1536w, https:\/\/edukacija21.com\/wp-content\/uploads\/2025\/03\/IMG_3464-2048x1639.jpg 2048w, https:\/\/edukacija21.com\/wp-content\/uploads\/2025\/03\/IMG_3464-50x40.jpg 50w\" sizes=\"auto, (max-width: 2186px) 100vw, 2186px\" \/><\/a>\r\n\t\t\t<\/dt><\/dl><dl class='gallery-item'>\r\n\t\t\t<dt class='gallery-icon landscape'>\r\n\t\t\t\t<a href='https:\/\/edukacija21.com\/en\/10689-2\/img_9641\/'><img loading=\"lazy\" decoding=\"async\" width=\"2560\" height=\"2048\" src=\"https:\/\/edukacija21.com\/wp-content\/uploads\/2025\/03\/IMG_9641-scaled.jpg\" class=\"attachment-full size-full\" alt=\"\" srcset=\"https:\/\/edukacija21.com\/wp-content\/uploads\/2025\/03\/IMG_9641-scaled.jpg 2560w, https:\/\/edukacija21.com\/wp-content\/uploads\/2025\/03\/IMG_9641-300x240.jpg 300w, https:\/\/edukacija21.com\/wp-content\/uploads\/2025\/03\/IMG_9641-1024x819.jpg 1024w, https:\/\/edukacija21.com\/wp-content\/uploads\/2025\/03\/IMG_9641-150x120.jpg 150w, https:\/\/edukacija21.com\/wp-content\/uploads\/2025\/03\/IMG_9641-768x614.jpg 768w, https:\/\/edukacija21.com\/wp-content\/uploads\/2025\/03\/IMG_9641-1536x1229.jpg 1536w, https:\/\/edukacija21.com\/wp-content\/uploads\/2025\/03\/IMG_9641-2048x1638.jpg 2048w, https:\/\/edukacija21.com\/wp-content\/uploads\/2025\/03\/IMG_9641-50x40.jpg 50w\" sizes=\"auto, (max-width: 2560px) 100vw, 2560px\" \/><\/a>\r\n\t\t\t<\/dt><\/dl><br style=\"clear: both\" \/><\/div>\n<\/div><\/div><\/div><\/div>","protected":false},"excerpt":{"rendered":"<p>How We Connected Students, Developed Empathy, and Showed That School Can Be Much More Than Just Learning from Books The For Better Schools project took place during 2016 and 2017, bringing together high school students and students with disabilities from Du\u0161an Dugali\u0107 Primary School through art, volunteering, and joint activities. Through theater performances, art workshops,&hellip;&nbsp;<a href=\"https:\/\/edukacija21.com\/en\/10689-2\/\" class=\"\" rel=\"bookmark\">Read More &raquo;<span class=\"screen-reader-text\">For Better Schools<\/span><\/a><\/p>\n","protected":false},"author":7,"featured_media":0,"parent":0,"menu_order":0,"comment_status":"closed","ping_status":"closed","template":"","meta":{"footnotes":""},"class_list":["post-10689","page","type-page","status-publish","hentry"],"wppr_data":{"cwp_meta_box_check":"No"},"_links":{"self":[{"href":"https:\/\/edukacija21.com\/en\/wp-json\/wp\/v2\/pages\/10689","targetHints":{"allow":["GET"]}}],"collection":[{"href":"https:\/\/edukacija21.com\/en\/wp-json\/wp\/v2\/pages"}],"about":[{"href":"https:\/\/edukacija21.com\/en\/wp-json\/wp\/v2\/types\/page"}],"author":[{"embeddable":true,"href":"https:\/\/edukacija21.com\/en\/wp-json\/wp\/v2\/users\/7"}],"replies":[{"embeddable":true,"href":"https:\/\/edukacija21.com\/en\/wp-json\/wp\/v2\/comments?post=10689"}],"version-history":[{"count":39,"href":"https:\/\/edukacija21.com\/en\/wp-json\/wp\/v2\/pages\/10689\/revisions"}],"predecessor-version":[{"id":10720,"href":"https:\/\/edukacija21.com\/en\/wp-json\/wp\/v2\/pages\/10689\/revisions\/10720"}],"wp:attachment":[{"href":"https:\/\/edukacija21.com\/en\/wp-json\/wp\/v2\/media?parent=10689"}],"curies":[{"name":"wp","href":"https:\/\/api.w.org\/{rel}","templated":true}]}}