{"id":1060,"date":"2016-01-11T12:59:32","date_gmt":"2016-01-11T12:59:32","guid":{"rendered":"http:\/\/edukacija21.com\/?page_id=1060"},"modified":"2026-03-04T15:24:10","modified_gmt":"2026-03-04T15:24:10","slug":"publications","status":"publish","type":"page","link":"https:\/\/edukacija21.com\/en\/publications\/","title":{"rendered":"Publications"},"content":{"rendered":"<div id=\"pl-1060\"  class=\"panel-layout\" ><div id=\"pg-1060-0\"  class=\"panel-grid panel-no-style\" ><div id=\"pgc-1060-0-0\"  class=\"panel-grid-cell\" ><div id=\"panel-1060-0-0-0\" class=\"so-panel widget widget_sow-editor panel-first-child panel-last-child\" data-index=\"0\" ><div\n\t\t\t\n\t\t\tclass=\"so-widget-sow-editor so-widget-sow-editor-base\"\n\t\t\t\n\t\t><h3 class=\"widget-title\">Toolkits<\/h3>\n<div class=\"siteorigin-widget-tinymce textwidget\">\n\t<p><a href=\"https:\/\/acrobat.adobe.com\/id\/urn:aaid:sc:EU:9f7d9c1c-c1b0-4c88-878c-e728aeee1591\">Monument(al) Challenges,<\/a> collaboratively implemented with the Contested Histories Initiative and funded by the European Union, aims to respond to some of the challenges educators across Europe face in teaching history. Specifically, we strive to address teachers\u2019 requirements for resources and training materials that equip them with the skills to discuss sensitive and complex histories, including colonialism and slavery, in their classrooms.<\/p>\n<p><a class=\"https:\/\/acrobat.adobe.com\/id\/urn:aaid:sc:EU:9f7d9c1c-c1b0-4c88-878c-e728aeee1591\" href=\"https:\/\/edukacija21.com\/wp-content\/uploads\/2025\/01\/Untitled-1-e1737994120199.png\"><img loading=\"lazy\" decoding=\"async\" class=\"alignnone wp-image-10357 size-full\" src=\"https:\/\/edukacija21.com\/wp-content\/uploads\/2025\/01\/Untitled-1-e1737994120199.png\" alt=\"\" width=\"965\" height=\"771\" \/><\/a><\/p>\n<p>&nbsp;<\/p>\n<p>The\u00a0Onsite Remembrance learning Toolkit was created in 2023, thanks to the creativity and dedication of teachers who participated in our contest, <em>\"Sites of Memory as an Inspiration for Democratic Learning.\"<\/em> A total of 21 lesson or project activity plans were accepted and published under the auspices of the Ministry of Education of the Republic of Serbia.<\/p>\n<p>&nbsp;<\/p>\n<blockquote><p><a href=\"https:\/\/edukacija21.com\/wp-content\/uploads\/2024\/04\/Untitled-1-e1713369978465.png\"><img loading=\"lazy\" decoding=\"async\" class=\"alignnone wp-image-9649 size-full\" src=\"https:\/\/edukacija21.com\/wp-content\/uploads\/2024\/04\/Untitled-1-e1713369978465.png\" alt=\"\" width=\"1117\" height=\"893\" srcset=\"https:\/\/edukacija21.com\/wp-content\/uploads\/2024\/04\/Untitled-1-e1713369978465.png 1117w, https:\/\/edukacija21.com\/wp-content\/uploads\/2024\/04\/Untitled-1-e1713369978465-300x240.png 300w, https:\/\/edukacija21.com\/wp-content\/uploads\/2024\/04\/Untitled-1-e1713369978465-1024x819.png 1024w, https:\/\/edukacija21.com\/wp-content\/uploads\/2024\/04\/Untitled-1-e1713369978465-150x120.png 150w, https:\/\/edukacija21.com\/wp-content\/uploads\/2024\/04\/Untitled-1-e1713369978465-768x614.png 768w, https:\/\/edukacija21.com\/wp-content\/uploads\/2024\/04\/Untitled-1-e1713369978465-50x40.png 50w\" sizes=\"auto, (max-width: 1117px) 100vw, 1117px\" \/><\/a><\/p><\/blockquote>\n<p>Priru\u010dnik <a href=\"https:\/\/acrobat.adobe.com\/id\/urn:aaid:sc:EU:ba2ee238-61ad-4467-b5a4-a149a82afe94\"><em>U\u010dionica se\u0107anja na otvorenom<\/em><\/a> nastao je tokom 2023. godine zahvaljuju\u0107i kreativnosti i posve\u0107enosti nastavnika koji su u\u010destvovali na na\u0161em konkursu \"Mesta se\u0107anja kao podsticaj za demokratsko u\u010denje\". Prihava\u0107ene su 21 priprema za \u010das\/projektnu aktivnost, koje su \u0161tampane pod pokroviteljstvom Ministrarstva prosvete Republike Srbije.<\/p>\n<p><a href=\"https:\/\/acrobat.adobe.com\/link\/review?uri=urn:aaid:scds:US:65bae379-1bff-348f-adf5-c37cd7a562f5\"><img loading=\"lazy\" decoding=\"async\" class=\"alignnone wp-image-7959 size-full\" src=\"https:\/\/edukacija21.com\/wp-content\/uploads\/2022\/06\/snimak-ekrana.png\" alt=\"\" width=\"950\" height=\"839\" srcset=\"https:\/\/edukacija21.com\/wp-content\/uploads\/2022\/06\/snimak-ekrana.png 950w, https:\/\/edukacija21.com\/wp-content\/uploads\/2022\/06\/snimak-ekrana-300x265.png 300w, https:\/\/edukacija21.com\/wp-content\/uploads\/2022\/06\/snimak-ekrana-150x132.png 150w, https:\/\/edukacija21.com\/wp-content\/uploads\/2022\/06\/snimak-ekrana-768x678.png 768w, https:\/\/edukacija21.com\/wp-content\/uploads\/2022\/06\/snimak-ekrana-50x44.png 50w\" sizes=\"auto, (max-width: 950px) 100vw, 950px\" \/><\/a><\/p>\n<blockquote><p><span style=\"color: #333333;\">Publikacija preporuka <a href=\"https:\/\/acrobat.adobe.com\/link\/review?uri=urn:aaid:scds:US:65bae379-1bff-348f-adf5-c37cd7a562f5\">Unapre\u0111enje ljudskih prava razgradnjom stereotipa<\/a>\u00a0 nastala je tokom 2016. godine u okviru projekta koji se realizovao u saradnji sa brojnim instiucijama\u00a0 (MPNTR; Ministarstvo kulture, ZUOV, REM), me\u0111unarodnim orgnizacijama (OEBS, Savet Evrope, Euroklio GIZ), medijskim udru\u017eenjima(Savet za \u0161tampu NUNS)\u00a0 i nevladinim organizacijama.<\/span><\/p><\/blockquote>\n<p>&nbsp;<\/p>\n<p><a href=\"https:\/\/www.euroclio.eu\/wp-content\/uploads\/2021\/06\/Learning-to-Disagree_Teachers-Guide_Web.pdf\"><img loading=\"lazy\" decoding=\"async\" class=\"alignnone wp-image-8025 size-full\" src=\"https:\/\/edukacija21.com\/wp-content\/uploads\/2022\/06\/snimak-ekrana-22.png\" alt=\"\" width=\"950\" height=\"839\" srcset=\"https:\/\/edukacija21.com\/wp-content\/uploads\/2022\/06\/snimak-ekrana-22.png 950w, https:\/\/edukacija21.com\/wp-content\/uploads\/2022\/06\/snimak-ekrana-22-300x265.png 300w, https:\/\/edukacija21.com\/wp-content\/uploads\/2022\/06\/snimak-ekrana-22-150x132.png 150w, https:\/\/edukacija21.com\/wp-content\/uploads\/2022\/06\/snimak-ekrana-22-768x678.png 768w, https:\/\/edukacija21.com\/wp-content\/uploads\/2022\/06\/snimak-ekrana-22-50x44.png 50w\" sizes=\"auto, (max-width: 950px) 100vw, 950px\" \/><\/a><\/p>\n<blockquote><p><a href=\"https:\/\/www.euroclio.eu\/wp-content\/uploads\/2021\/03\/Learning-to-Disagree_Policy-Recommendations.pdf\">The policy recommendations<\/a> were prepared by the Georg Eckert Institute for international Textbook Research<br \/>\n(GEI) as a partner in the Learning to Disagree project coordinated by EUROCLIO and funded by the Erasmus+ Programme of the European Union<\/p><\/blockquote>\n<p>&nbsp;<\/p>\n<p>&nbsp;<\/p>\n<blockquote><p>&nbsp;<\/p><\/blockquote>\n<\/div>\n<\/div><\/div><\/div><\/div><div id=\"pg-1060-1\"  class=\"panel-grid panel-no-style\" ><div id=\"pgc-1060-1-0\"  class=\"panel-grid-cell panel-grid-cell-mobile-last\" ><div id=\"panel-1060-1-0-0\" class=\"so-panel widget widget_sow-social-media-buttons panel-first-child panel-last-child\" data-index=\"1\" ><div\n\t\t\t\n\t\t\tclass=\"so-widget-sow-social-media-buttons so-widget-sow-social-media-buttons-atom-8a0b9e1fd2a8-1060\"\n\t\t\t\n\t\t>\n\n<div class=\"social-media-button-container\">\n\t\n\t\t<a class=\"ow-button-hover sow-social-media-button-instagram-0 sow-social-media-button\" title=\" on Instagram\" aria-label=\" on Instagram\" target=\"_blank\" rel=\"noopener noreferrer\" href=\"https:\/\/www.instagram.com\/edukacija.21\/\" >\n\t\t\t<span>\n\t\t\t\t\t\t\t\t<span class=\"sow-icon-fontawesome sow-fab\" data-sow-icon=\"&#xf16d;\"\n\t\t \n\t\taria-hidden=\"true\"><\/span>\t\t\t\t\t\t\t<\/span>\n\t\t<\/a>\n\t\n\t\t<a class=\"ow-button-hover sow-social-media-button-facebook-0 sow-social-media-button\" title=\" on Facebook\" aria-label=\" on Facebook\" target=\"_blank\" rel=\"noopener noreferrer\" href=\"https:\/\/www.facebook.com\/\" >\n\t\t\t<span>\n\t\t\t\t\t\t\t\t<span class=\"sow-icon-fontawesome sow-fab\" data-sow-icon=\"&#xf39e;\"\n\t\t \n\t\taria-hidden=\"true\"><\/span>\t\t\t\t\t\t\t<\/span>\n\t\t<\/a>\n\t<\/div>\n<\/div><\/div><\/div><div id=\"pgc-1060-1-1\"  class=\"panel-grid-cell panel-grid-cell-empty\" ><\/div><\/div><\/div>","protected":false},"excerpt":{"rendered":"<p>Monument(al) Challenges, collaboratively implemented with the Contested Histories Initiative and funded by the European Union, aims to respond to some of the challenges educators across Europe face in teaching history. Specifically, we strive to address teachers\u2019 requirements for resources and training materials that equip them with the skills to discuss sensitive and complex histories, including&hellip;&nbsp;<a href=\"https:\/\/edukacija21.com\/en\/publications\/\" class=\"\" rel=\"bookmark\">Read More &raquo;<span class=\"screen-reader-text\">Publications<\/span><\/a><\/p>\n","protected":false},"author":1,"featured_media":0,"parent":0,"menu_order":0,"comment_status":"closed","ping_status":"closed","template":"","meta":{"footnotes":""},"class_list":["post-1060","page","type-page","status-publish","hentry"],"wppr_data":{"cwp_meta_box_check":"No"},"_links":{"self":[{"href":"https:\/\/edukacija21.com\/en\/wp-json\/wp\/v2\/pages\/1060","targetHints":{"allow":["GET"]}}],"collection":[{"href":"https:\/\/edukacija21.com\/en\/wp-json\/wp\/v2\/pages"}],"about":[{"href":"https:\/\/edukacija21.com\/en\/wp-json\/wp\/v2\/types\/page"}],"author":[{"embeddable":true,"href":"https:\/\/edukacija21.com\/en\/wp-json\/wp\/v2\/users\/1"}],"replies":[{"embeddable":true,"href":"https:\/\/edukacija21.com\/en\/wp-json\/wp\/v2\/comments?post=1060"}],"version-history":[{"count":104,"href":"https:\/\/edukacija21.com\/en\/wp-json\/wp\/v2\/pages\/1060\/revisions"}],"predecessor-version":[{"id":11796,"href":"https:\/\/edukacija21.com\/en\/wp-json\/wp\/v2\/pages\/1060\/revisions\/11796"}],"wp:attachment":[{"href":"https:\/\/edukacija21.com\/en\/wp-json\/wp\/v2\/media?parent=1060"}],"curies":[{"name":"wp","href":"https:\/\/api.w.org\/{rel}","templated":true}]}}