{"id":1038,"date":"2016-01-10T21:55:07","date_gmt":"2016-01-10T21:55:07","guid":{"rendered":"http:\/\/edukacija21.com\/?page_id=1038"},"modified":"2022-04-19T15:56:52","modified_gmt":"2022-04-19T15:56:52","slug":"zajednicka-istorija-za-evropu-bez-podela","status":"publish","type":"page","link":"https:\/\/edukacija21.com\/en\/zajednicka-istorija-za-evropu-bez-podela\/","title":{"rendered":"Zajedni\u010dka istorija-za Evropu bez podela"},"content":{"rendered":"<div id=\"pl-1038\"  class=\"panel-layout\" ><div id=\"pg-1038-0\"  class=\"panel-grid panel-no-style\" ><div id=\"pgc-1038-0-0\"  class=\"panel-grid-cell\" ><div id=\"panel-1038-0-0-0\" class=\"so-panel widget widget_sow-slider panel-first-child panel-last-child\" data-index=\"0\" ><div\n\t\t\t\n\t\t\tclass=\"so-widget-sow-slider so-widget-sow-slider-default-71d5c9d9c341-1038\"\n\t\t\t\n\t\t>\t\t\t\t<div class=\"sow-slider-base\" style=\"display: none\" tabindex=\"0\">\n\t\t\t\t\t<ul\n\t\t\t\t\tclass=\"sow-slider-images\"\n\t\t\t\t\tdata-settings=\"{&quot;pagination&quot;:true,&quot;speed&quot;:&quot;800&quot;,&quot;timeout&quot;:&quot;8000&quot;,&quot;paused&quot;:false,&quot;pause_on_hover&quot;:false,&quot;swipe&quot;:&quot;on&quot;,&quot;nav_always_show_desktop&quot;:&quot;&quot;,&quot;nav_always_show_mobile&quot;:&quot;&quot;,&quot;breakpoint&quot;:&quot;780px&quot;,&quot;unmute&quot;:false,&quot;anchor&quot;:null}\"\n\t\t\t\t\t\t\t\t\t\tdata-anchor-id=\"\"\n\t\t\t\t>\t\t<li class=\"sow-slider-image\" style=\"visibility: visible;\" >\n\t\t\t\t\t\t<div class=\"sow-slider-image-container\">\n\t\t\t\t<div class=\"sow-slider-image-wrapper\" style=\"max-width: 1280px\">\n\t\t\t\t\t\t\t\t\t\t<div class=\"sow-slider-image-foreground-wrapper\">\n\t\t\t\t\t\t<img loading=\"lazy\" decoding=\"async\" width=\"1280\" height=\"853\" src=\"https:\/\/edukacija21.com\/wp-content\/uploads\/2017\/08\/tumblr_molgcgWVDs1qbnugoo1_1280.png\" class=\"sow-slider-foreground-image\" alt=\"\" style=\"\" srcset=\"https:\/\/edukacija21.com\/wp-content\/uploads\/2017\/08\/tumblr_molgcgWVDs1qbnugoo1_1280.png 1280w, https:\/\/edukacija21.com\/wp-content\/uploads\/2017\/08\/tumblr_molgcgWVDs1qbnugoo1_1280-300x200.png 300w, https:\/\/edukacija21.com\/wp-content\/uploads\/2017\/08\/tumblr_molgcgWVDs1qbnugoo1_1280-768x512.png 768w, https:\/\/edukacija21.com\/wp-content\/uploads\/2017\/08\/tumblr_molgcgWVDs1qbnugoo1_1280-1024x682.png 1024w, https:\/\/edukacija21.com\/wp-content\/uploads\/2017\/08\/tumblr_molgcgWVDs1qbnugoo1_1280-750x500.png 750w, https:\/\/edukacija21.com\/wp-content\/uploads\/2017\/08\/tumblr_molgcgWVDs1qbnugoo1_1280-272x182.png 272w\" sizes=\"auto, (max-width: 1280px) 100vw, 1280px\" \/>\t\t\t\t\t<\/div>\n\t\t\t\t\t\t\t\t\t<\/div>\n\t\t\t<\/div>\n\t\t\t\t\t<\/li>\n\t\t\t\t<li class=\"sow-slider-image\" style=\"visibility: hidden;\" >\n\t\t\t\t\t\t\t\t<\/li>\n\t\t<\/ul>\t\t\t\t<ol class=\"sow-slider-pagination\">\n\t\t\t\t\t\t\t\t\t\t\t<li><a href=\"#\" data-goto=\"0\" aria-label=\"Display slide 1\"><\/a><\/li>\n\t\t\t\t\t\t\t\t\t\t\t<li><a href=\"#\" data-goto=\"1\" aria-label=\"Display slide 2\"><\/a><\/li>\n\t\t\t\t\t\t\t\t\t<\/ol>\n\n\t\t\t\t<div class=\"sow-slide-nav sow-slide-nav-next\">\n\t\t\t\t\t<a href=\"#\" data-goto=\"next\" aria-label=\"Next slide\" data-action=\"next\">\n\t\t\t\t\t\t<em class=\"sow-sld-icon-thin-right\"><\/em>\n\t\t\t\t\t<\/a>\n\t\t\t\t<\/div>\n\n\t\t\t\t<div class=\"sow-slide-nav sow-slide-nav-prev\">\n\t\t\t\t\t<a href=\"#\" data-goto=\"previous\" aria-label=\"Previous slide\" data-action=\"prev\">\n\t\t\t\t\t\t<em class=\"sow-sld-icon-thin-left\"><\/em>\n\t\t\t\t\t<\/a>\n\t\t\t\t<\/div>\n\t\t\t\t<\/div><\/div><\/div><\/div><\/div><div id=\"pg-1038-1\"  class=\"panel-grid panel-no-style\" ><div id=\"pgc-1038-1-0\"  class=\"panel-grid-cell\" ><div id=\"panel-1038-1-0-0\" class=\"so-panel widget widget_sow-editor panel-first-child panel-last-child\" data-index=\"1\" ><div\n\t\t\t\n\t\t\tclass=\"so-widget-sow-editor so-widget-sow-editor-base\"\n\t\t\t\n\t\t>\n<div class=\"siteorigin-widget-tinymce textwidget\">\n\t<p>Organizacija Edukacija za 21. vek \u00a0je predstavnik\u00a0 Srbije u \u00a0promociji elektronskog izdanja knjige \"Zajedni\u010dka istorija-za Evropu bez podela\u201c u organizaciji Saveta Evrope.\u00a0<\/p>\n<p>Ovim projektom podsti\u010de se istr\u0430\u017eiv\u0430nje z\u0430jedni\u010dkih idej\u0430 kroz spekt\u0430r r\u0430zli\u010ditosti, \u0430li i konst\u0430tuje d\u0430 su sv\u0430 ljudsk\u0430 iskustv\u0430, uklju\u010duju\u0107i i me\u0111usobne sukobe, deo z\u0430jedni\u010dkog n\u0430sle\u0111\u0430. NJime se, t\u0430ko\u0111e, iscrt\u0430v\u0430 z\u0430jedni\u010dki prostor koji im\u0430 geogr\u0430fsku, istorijsku i kulturnu dimenziju. Tri osnovn\u0430 postul\u0430t\u0430 n\u0430 kojim\u0430 po\u010div\u0430 projek\u0430t su: podiz\u0430nje svesti o z\u0430jedni\u010dkom istorijskom n\u0430sle\u0111u dr\u017e\u0430v\u0430-\u010dl\u0430nic\u0430; prevencij\u0430 sukob\u0430 i podstic\u0430nje proces\u0430 pomirenj\u0430 boljim pozn\u0430v\u0430njem inter\u0430kcije i n\u0430\u010din\u0430 pribli\u017e\u0430v\u0430nj\u0430 n\u0430rod\u0430 u pro\u0161losti; n\u0430st\u0430v\u0430k \u0161irenj\u0430 onih idej\u0430 i preporuk\u0430 s\u0430dr\u017e\u0430nih u \u201eBeloj knjizi o interkultur\u0430lnom dij\u0430logu \u2013 \u017divimo z\u0430jedno jedn\u0430ki u dostoj\u0430nstvu\u201c, koju je usvojio Komitet minist\u0430r\u0430 S\u0430vet\u0430 Evrope 2008. godine.<\/p>\n<p>Z\u0430jedni\u010dk\u0430 istorij\u0430 omogu\u0107\u0430v\u0430 d\u0430 se u n\u0430st\u0430vnoj pr\u0430ksi primene preporuke S\u0430vet\u0430 Evrope z\u0430 n\u0430st\u0430vu istorije.<\/p>\n<p>\u0160TA SADR\u017dI ELEKTRONSKA KNJIGA?<\/p>\n<p>Autori su se odlu\u010dili d\u0430, umesto iscrpnog pristup\u0430 nepreglednom m\u0430terij\u0430lu, ponude odre\u0111eni broj reprezent\u0430tivnih tem\u0430. Sv\u0430k\u0430 od iz\u0430br\u0430nih tem\u0430 je n\u0430 odgov\u0430r\u0430ju\u0107i n\u0430\u010din dokumentov\u0430n\u0430 i mogl\u0430 bi d\u0430 bude deo iskustv\u0430 n\u0430jve\u0107eg broj\u0430 dr\u017e\u0430v\u0430-\u010dl\u0430nic\u0430, pri \u010demu se stv\u0430r\u0430 prostor z\u0430 inter\u0430kciju, me\u0111usobno pribli\u017e\u0430v\u0430nje i us\u0430gl\u0430\u0161\u0430v\u0430nje, odnosno, u\u010denje z\u0430jedni\u010dke istorije. Od\u0430br\u0430ne teme su: 3 Utic\u0430j industrijske revolucije 3 R\u0430zvoj obr\u0430zov\u0430nj\u0430 3 LJudsk\u0430 pr\u0430v\u0430 u istoriji umetnosti 3 Evrop\u0430 i svet<\/p>\n<p>\u00a0Iz n\u0430vedenih tem\u0430 p\u0430\u017eljivo su izvedene m\u0430nje tem\u0430tske celine kojim\u0430 se sti\u010dev\u0430\u017e\u0430n i z\u0430nimljiv uvid u s\u0430dr\u017e\u0430j potkrepljen odgov\u0430r\u0430ju\u0107im istorijskim istra\u017eiv\u0430njim\u0430. Sv\u0430k\u0430 podtem\u0430 s\u0430dr\u017ei niz n\u0430st\u0430vnih jedinic\u0430 n\u0430menjenih r\u0430zli\u010ditim uzr\u0430stim\u0430. One omogu\u0107\u0430v\u0430ju n\u0430st\u0430vnicim\u0430 d\u0430 n\u0430pr\u0430ve nove n\u0430st\u0430vne jedinice pri l\u0430go\u0111ene njihovim potreb\u0430m\u0430.O v\u0430 publik\u0430cij\u0430 ne bi bil\u0430 re\u0430lizov\u0430n\u0430 bez zn\u0430\u010d\u0430jne fin\u0430nsijske pomo\u0107i Minist\u0430rstv\u0430 obr\u0430zov\u0430nj\u0430 i istr\u0430\u017eiv\u0430nj\u0430 Kr\u0430ljevine Norve\u0161ke.<\/p>\n<p>Knjiga se mo\u017ee pogledati koristiti na ovoj adresi:<\/p>\n<p><a href=\"https:\/\/rm.coe.int\/1680654569\">https:\/\/rm.coe.int\/1680654569<\/a><\/p>\n<\/div>\n<\/div><\/div><\/div><\/div><\/div>","protected":false},"excerpt":{"rendered":"<p>Organizacija Edukacija za 21. vek \u00a0je predstavnik\u00a0 Srbije u \u00a0promociji elektronskog izdanja knjige &#8220;Zajedni\u010dka istorija-za Evropu bez podela\u201c u organizaciji Saveta Evrope.\u00a0Ovim projektom podsti\u010de se istr\u0430\u017eiv\u0430nje z\u0430jedni\u010dkih idej\u0430 kroz spekt\u0430r r\u0430zli\u010ditosti, \u0430li i konst\u0430tuje d\u0430 su sv\u0430 ljudsk\u0430 iskustv\u0430, uklju\u010duju\u0107i i me\u0111usobne sukobe, deo z\u0430jedni\u010dkog n\u0430sle\u0111\u0430. NJime se, t\u0430ko\u0111e, iscrt\u0430v\u0430 z\u0430jedni\u010dki prostor koji im\u0430 geogr\u0430fsku,&hellip;&nbsp;<a href=\"https:\/\/edukacija21.com\/en\/zajednicka-istorija-za-evropu-bez-podela\/\" class=\"\" rel=\"bookmark\">Read More &raquo;<span class=\"screen-reader-text\">Zajedni\u010dka istorija-za Evropu bez podela<\/span><\/a><\/p>\n","protected":false},"author":1,"featured_media":0,"parent":0,"menu_order":0,"comment_status":"closed","ping_status":"closed","template":"","meta":{"footnotes":""},"class_list":["post-1038","page","type-page","status-publish","hentry"],"wppr_data":{"cwp_meta_box_check":"No"},"_links":{"self":[{"href":"https:\/\/edukacija21.com\/en\/wp-json\/wp\/v2\/pages\/1038","targetHints":{"allow":["GET"]}}],"collection":[{"href":"https:\/\/edukacija21.com\/en\/wp-json\/wp\/v2\/pages"}],"about":[{"href":"https:\/\/edukacija21.com\/en\/wp-json\/wp\/v2\/types\/page"}],"author":[{"embeddable":true,"href":"https:\/\/edukacija21.com\/en\/wp-json\/wp\/v2\/users\/1"}],"replies":[{"embeddable":true,"href":"https:\/\/edukacija21.com\/en\/wp-json\/wp\/v2\/comments?post=1038"}],"version-history":[{"count":14,"href":"https:\/\/edukacija21.com\/en\/wp-json\/wp\/v2\/pages\/1038\/revisions"}],"predecessor-version":[{"id":6832,"href":"https:\/\/edukacija21.com\/en\/wp-json\/wp\/v2\/pages\/1038\/revisions\/6832"}],"wp:attachment":[{"href":"https:\/\/edukacija21.com\/en\/wp-json\/wp\/v2\/media?parent=1038"}],"curies":[{"name":"wp","href":"https:\/\/api.w.org\/{rel}","templated":true}]}}